{"id":1423,"date":"2022-05-13T17:06:04","date_gmt":"2022-05-13T17:06:04","guid":{"rendered":"https:\/\/citrus-agro.com\/?page_id=1423"},"modified":"2022-05-16T20:38:26","modified_gmt":"2022-05-16T20:38:26","slug":"productos-alimentacion-animal","status":"publish","type":"page","link":"https:\/\/citrus-agro.com\/en\/productos-alimentacion-animal\/","title":{"rendered":"Products Animal Feed"},"content":{"rendered":"<div data-elementor-type=\"wp-page\" data-elementor-id=\"1423\" class=\"elementor elementor-1423\" data-elementor-post-type=\"page\">\n\t\t\t\t\t\t<section class=\"elementor-section elementor-top-section elementor-element elementor-element-46995608 elementor-section-full_width elementor-section-height-min-height elementor-hidden-desktop elementor-hidden-tablet elementor-hidden-mobile elementor-section-height-default elementor-section-items-middle\" data-id=\"46995608\" data-element_type=\"section\" data-settings=\"{&quot;background_background&quot;:&quot;classic&quot;}\">\n\t\t\t\t\t\t\t<div class=\"elementor-background-overlay\"><\/div>\n\t\t\t\t\t\t\t<div class=\"elementor-container elementor-column-gap-default\">\n\t\t\t\t\t<div class=\"elementor-column elementor-col-100 elementor-top-column elementor-element elementor-element-7f2410fd\" data-id=\"7f2410fd\" data-element_type=\"column\">\n\t\t\t<div class=\"elementor-widget-wrap\">\n\t\t\t\t\t\t\t<\/div>\n\t\t<\/div>\n\t\t\t\t\t<\/div>\n\t\t<\/section>\n\t\t\t\t<section class=\"elementor-section elementor-top-section elementor-element elementor-element-4e8509e elementor-section-boxed elementor-section-height-default elementor-section-height-default\" data-id=\"4e8509e\" data-element_type=\"section\" data-settings=\"{&quot;background_background&quot;:&quot;classic&quot;}\">\n\t\t\t\t\t\t<div class=\"elementor-container elementor-column-gap-default\">\n\t\t\t\t\t<div class=\"elementor-column elementor-col-100 elementor-top-column elementor-element elementor-element-e6aba18\" data-id=\"e6aba18\" data-element_type=\"column\">\n\t\t\t<div class=\"elementor-widget-wrap elementor-element-populated\">\n\t\t\t\t\t\t<div class=\"elementor-element elementor-element-d88e72e elementor-widget__width-auto elementor-widget elementor-widget-heading\" data-id=\"d88e72e\" data-element_type=\"widget\" data-widget_type=\"heading.default\">\n\t\t\t\t<div class=\"elementor-widget-container\">\n\t\t\t\t\t<h2 class=\"elementor-heading-title elementor-size-default\">L\u00ednea de Productos<\/h2>\t\t\t\t<\/div>\n\t\t\t\t<\/div>\n\t\t\t\t\t<\/div>\n\t\t<\/div>\n\t\t\t\t\t<\/div>\n\t\t<\/section>\n\t\t\t\t<section class=\"elementor-section elementor-top-section elementor-element elementor-element-89789cf elementor-section-boxed elementor-section-height-default elementor-section-height-default\" data-id=\"89789cf\" data-element_type=\"section\">\n\t\t\t\t\t\t<div class=\"elementor-container elementor-column-gap-default\">\n\t\t\t\t\t<div class=\"elementor-column elementor-col-100 elementor-top-column elementor-element elementor-element-2d4f7b0\" data-id=\"2d4f7b0\" data-element_type=\"column\" data-settings=\"{&quot;background_background&quot;:&quot;classic&quot;}\">\n\t\t\t<div class=\"elementor-widget-wrap elementor-element-populated\">\n\t\t\t\t\t\t<section class=\"elementor-section elementor-inner-section elementor-element elementor-element-381b858 elementor-section-boxed elementor-section-height-default elementor-section-height-default\" data-id=\"381b858\" data-element_type=\"section\">\n\t\t\t\t\t\t<div class=\"elementor-container elementor-column-gap-default\">\n\t\t\t\t\t<div class=\"elementor-column elementor-col-50 elementor-inner-column elementor-element elementor-element-8d66111\" data-id=\"8d66111\" data-element_type=\"column\">\n\t\t\t<div class=\"elementor-widget-wrap elementor-element-populated\">\n\t\t\t\t\t\t<div class=\"elementor-element elementor-element-f3261a8 elementor-cta--layout-image-above elementor-cta--valign-top elementor-cta--skin-classic elementor-widget elementor-widget-call-to-action\" data-id=\"f3261a8\" data-element_type=\"widget\" data-widget_type=\"call-to-action.default\">\n\t\t\t\t<div class=\"elementor-widget-container\">\n\t\t\t\t\t\t\t<a class=\"elementor-cta\" href=\"https:\/\/citrus-agro.com\/en\/pellet-de-alfalfa\/\">\n\t\t\t\t\t\t\t<div class=\"elementor-cta__content\">\n\t\t\t\t\t\t\t\t\t<div class=\"elementor-content-item elementor-cta__content-item elementor-cta__image\">\n\t\t\t\t\t\t<img fetchpriority=\"high\" decoding=\"async\" width=\"2000\" height=\"2400\" src=\"https:\/\/citrus-agro.com\/wp-content\/uploads\/2022\/05\/PELLET-DE-ALFALFA-1.jpg\" class=\"attachment-full size-full wp-image-1054\" alt=\"\" srcset=\"https:\/\/citrus-agro.com\/wp-content\/uploads\/2022\/05\/PELLET-DE-ALFALFA-1.jpg 2000w, https:\/\/citrus-agro.com\/wp-content\/uploads\/2022\/05\/PELLET-DE-ALFALFA-1-250x300.jpg 250w, https:\/\/citrus-agro.com\/wp-content\/uploads\/2022\/05\/PELLET-DE-ALFALFA-1-853x1024.jpg 853w, https:\/\/citrus-agro.com\/wp-content\/uploads\/2022\/05\/PELLET-DE-ALFALFA-1-768x922.jpg 768w, https:\/\/citrus-agro.com\/wp-content\/uploads\/2022\/05\/PELLET-DE-ALFALFA-1-1280x1536.jpg 1280w, https:\/\/citrus-agro.com\/wp-content\/uploads\/2022\/05\/PELLET-DE-ALFALFA-1-1707x2048.jpg 1707w, https:\/\/citrus-agro.com\/wp-content\/uploads\/2022\/05\/PELLET-DE-ALFALFA-1-600x720.jpg 600w\" sizes=\"(max-width: 2000px) 100vw, 2000px\" \/>\t\t\t\t\t<\/div>\n\t\t\t\t\n\t\t\t\t\t\t\t\t\t<h2 class=\"elementor-cta__title elementor-cta__content-item elementor-content-item\">\n\t\t\t\t\t\tPELLET DE ALFALFA\t\t\t\t\t<\/h2>\n\t\t\t\t\n\t\t\t\t\n\t\t\t\t\t\t\t\t\t<div class=\"elementor-cta__button-wrapper elementor-cta__content-item elementor-content-item\">\n\t\t\t\t\t<span class=\"elementor-cta__button elementor-button elementor-size-\">\n\t\t\t\t\t\tMore information\t\t\t\t\t<\/span>\n\t\t\t\t\t<\/div>\n\t\t\t\t\t\t\t<\/div>\n\t\t\t\t\t\t<\/a>\n\t\t\t\t\t\t<\/div>\n\t\t\t\t<\/div>\n\t\t\t\t\t<\/div>\n\t\t<\/div>\n\t\t\t\t<div class=\"elementor-column elementor-col-50 elementor-inner-column elementor-element elementor-element-f612131\" data-id=\"f612131\" data-element_type=\"column\">\n\t\t\t<div class=\"elementor-widget-wrap elementor-element-populated\">\n\t\t\t\t\t\t<div class=\"elementor-element elementor-element-5411b4a elementor-cta--layout-image-above elementor-cta--valign-top elementor-cta--skin-classic elementor-widget elementor-widget-call-to-action\" data-id=\"5411b4a\" data-element_type=\"widget\" data-widget_type=\"call-to-action.default\">\n\t\t\t\t<div class=\"elementor-widget-container\">\n\t\t\t\t\t\t\t<a class=\"elementor-cta\" href=\"https:\/\/citrus-agro.com\/en\/harina-de-soya-granel\/\">\n\t\t\t\t\t\t\t<div class=\"elementor-cta__content\">\n\t\t\t\t\t\t\t\t\t<div class=\"elementor-content-item elementor-cta__content-item elementor-cta__image\">\n\t\t\t\t\t\t<img decoding=\"async\" width=\"2000\" height=\"2400\" src=\"https:\/\/citrus-agro.com\/wp-content\/uploads\/2022\/05\/HARINA-DE-SOYA-GRANEL.jpg\" class=\"attachment-full size-full wp-image-1296\" alt=\"\" srcset=\"https:\/\/citrus-agro.com\/wp-content\/uploads\/2022\/05\/HARINA-DE-SOYA-GRANEL.jpg 2000w, https:\/\/citrus-agro.com\/wp-content\/uploads\/2022\/05\/HARINA-DE-SOYA-GRANEL-250x300.jpg 250w, https:\/\/citrus-agro.com\/wp-content\/uploads\/2022\/05\/HARINA-DE-SOYA-GRANEL-853x1024.jpg 853w, https:\/\/citrus-agro.com\/wp-content\/uploads\/2022\/05\/HARINA-DE-SOYA-GRANEL-768x922.jpg 768w, https:\/\/citrus-agro.com\/wp-content\/uploads\/2022\/05\/HARINA-DE-SOYA-GRANEL-1280x1536.jpg 1280w, https:\/\/citrus-agro.com\/wp-content\/uploads\/2022\/05\/HARINA-DE-SOYA-GRANEL-1707x2048.jpg 1707w, https:\/\/citrus-agro.com\/wp-content\/uploads\/2022\/05\/HARINA-DE-SOYA-GRANEL-600x720.jpg 600w\" sizes=\"(max-width: 2000px) 100vw, 2000px\" \/>\t\t\t\t\t<\/div>\n\t\t\t\t\n\t\t\t\t\t\t\t\t\t<h2 class=\"elementor-cta__title elementor-cta__content-item elementor-content-item\">\n\t\t\t\t\t\tHARINA DE SOYA GRANEL\t\t\t\t\t<\/h2>\n\t\t\t\t\n\t\t\t\t\n\t\t\t\t\t\t\t\t\t<div class=\"elementor-cta__button-wrapper elementor-cta__content-item elementor-content-item\">\n\t\t\t\t\t<span class=\"elementor-cta__button elementor-button elementor-size-\">\n\t\t\t\t\t\tMore information\t\t\t\t\t<\/span>\n\t\t\t\t\t<\/div>\n\t\t\t\t\t\t\t<\/div>\n\t\t\t\t\t\t<\/a>\n\t\t\t\t\t\t<\/div>\n\t\t\t\t<\/div>\n\t\t\t\t\t<\/div>\n\t\t<\/div>\n\t\t\t\t\t<\/div>\n\t\t<\/section>\n\t\t\t\t<section class=\"elementor-section elementor-inner-section elementor-element elementor-element-07e5d8c elementor-section-boxed elementor-section-height-default elementor-section-height-default\" data-id=\"07e5d8c\" data-element_type=\"section\">\n\t\t\t\t\t\t<div class=\"elementor-container elementor-column-gap-default\">\n\t\t\t\t\t<div class=\"elementor-column elementor-col-50 elementor-inner-column elementor-element elementor-element-79469e4\" data-id=\"79469e4\" data-element_type=\"column\">\n\t\t\t<div class=\"elementor-widget-wrap elementor-element-populated\">\n\t\t\t\t\t\t<div class=\"elementor-element elementor-element-b731499 elementor-cta--layout-image-above elementor-cta--valign-top elementor-cta--skin-classic elementor-widget elementor-widget-call-to-action\" data-id=\"b731499\" data-element_type=\"widget\" data-widget_type=\"call-to-action.default\">\n\t\t\t\t<div class=\"elementor-widget-container\">\n\t\t\t\t\t\t\t<a class=\"elementor-cta\" href=\"https:\/\/citrus-agro.com\/en\/maiz-entero-granel\/\">\n\t\t\t\t\t\t\t<div class=\"elementor-cta__content\">\n\t\t\t\t\t\t\t\t\t<div class=\"elementor-content-item elementor-cta__content-item elementor-cta__image\">\n\t\t\t\t\t\t<img decoding=\"async\" width=\"2000\" height=\"2400\" src=\"https:\/\/citrus-agro.com\/wp-content\/uploads\/2022\/05\/MAIZ-ENTERO-GRANEL1.jpg\" class=\"attachment-full size-full wp-image-1372\" alt=\"\" srcset=\"https:\/\/citrus-agro.com\/wp-content\/uploads\/2022\/05\/MAIZ-ENTERO-GRANEL1.jpg 2000w, https:\/\/citrus-agro.com\/wp-content\/uploads\/2022\/05\/MAIZ-ENTERO-GRANEL1-250x300.jpg 250w, https:\/\/citrus-agro.com\/wp-content\/uploads\/2022\/05\/MAIZ-ENTERO-GRANEL1-853x1024.jpg 853w, https:\/\/citrus-agro.com\/wp-content\/uploads\/2022\/05\/MAIZ-ENTERO-GRANEL1-768x922.jpg 768w, https:\/\/citrus-agro.com\/wp-content\/uploads\/2022\/05\/MAIZ-ENTERO-GRANEL1-1280x1536.jpg 1280w, https:\/\/citrus-agro.com\/wp-content\/uploads\/2022\/05\/MAIZ-ENTERO-GRANEL1-1707x2048.jpg 1707w, https:\/\/citrus-agro.com\/wp-content\/uploads\/2022\/05\/MAIZ-ENTERO-GRANEL1-600x720.jpg 600w\" sizes=\"(max-width: 2000px) 100vw, 2000px\" \/>\t\t\t\t\t<\/div>\n\t\t\t\t\n\t\t\t\t\t\t\t\t\t<h2 class=\"elementor-cta__title elementor-cta__content-item elementor-content-item\">\n\t\t\t\t\t\tMA\u00cdZ ENTERO GRANEL\t\t\t\t\t<\/h2>\n\t\t\t\t\n\t\t\t\t\n\t\t\t\t\t\t\t\t\t<div class=\"elementor-cta__button-wrapper elementor-cta__content-item elementor-content-item\">\n\t\t\t\t\t<span class=\"elementor-cta__button elementor-button elementor-size-\">\n\t\t\t\t\t\tMore information\t\t\t\t\t<\/span>\n\t\t\t\t\t<\/div>\n\t\t\t\t\t\t\t<\/div>\n\t\t\t\t\t\t<\/a>\n\t\t\t\t\t\t<\/div>\n\t\t\t\t<\/div>\n\t\t\t\t\t<\/div>\n\t\t<\/div>\n\t\t\t\t<div class=\"elementor-column elementor-col-50 elementor-inner-column elementor-element elementor-element-b9bee8e\" data-id=\"b9bee8e\" data-element_type=\"column\">\n\t\t\t<div class=\"elementor-widget-wrap elementor-element-populated\">\n\t\t\t\t\t\t<div class=\"elementor-element elementor-element-1691d63 elementor-cta--layout-image-above elementor-cta--valign-top elementor-cta--skin-classic elementor-widget elementor-widget-call-to-action\" data-id=\"1691d63\" data-element_type=\"widget\" data-widget_type=\"call-to-action.default\">\n\t\t\t\t<div class=\"elementor-widget-container\">\n\t\t\t\t\t\t\t<a class=\"elementor-cta\" href=\"https:\/\/citrus-agro.com\/en\/maiz-molido-granel\/\">\n\t\t\t\t\t\t\t<div class=\"elementor-cta__content\">\n\t\t\t\t\t\t\t\t\t<div class=\"elementor-content-item elementor-cta__content-item elementor-cta__image\">\n\t\t\t\t\t\t<img loading=\"lazy\" decoding=\"async\" width=\"2000\" height=\"2400\" src=\"https:\/\/citrus-agro.com\/wp-content\/uploads\/2022\/05\/MAIZ-MOLIDO-GRANEL-1.jpg\" class=\"attachment-full size-full wp-image-1898\" alt=\"\" srcset=\"https:\/\/citrus-agro.com\/wp-content\/uploads\/2022\/05\/MAIZ-MOLIDO-GRANEL-1.jpg 2000w, https:\/\/citrus-agro.com\/wp-content\/uploads\/2022\/05\/MAIZ-MOLIDO-GRANEL-1-250x300.jpg 250w, https:\/\/citrus-agro.com\/wp-content\/uploads\/2022\/05\/MAIZ-MOLIDO-GRANEL-1-853x1024.jpg 853w, https:\/\/citrus-agro.com\/wp-content\/uploads\/2022\/05\/MAIZ-MOLIDO-GRANEL-1-768x922.jpg 768w, https:\/\/citrus-agro.com\/wp-content\/uploads\/2022\/05\/MAIZ-MOLIDO-GRANEL-1-1280x1536.jpg 1280w, https:\/\/citrus-agro.com\/wp-content\/uploads\/2022\/05\/MAIZ-MOLIDO-GRANEL-1-1707x2048.jpg 1707w, https:\/\/citrus-agro.com\/wp-content\/uploads\/2022\/05\/MAIZ-MOLIDO-GRANEL-1-600x720.jpg 600w\" sizes=\"(max-width: 2000px) 100vw, 2000px\" \/>\t\t\t\t\t<\/div>\n\t\t\t\t\n\t\t\t\t\t\t\t\t\t<h2 class=\"elementor-cta__title elementor-cta__content-item elementor-content-item\">\n\t\t\t\t\t\tMA\u00cdZ MOLIDO GRANEL\t\t\t\t\t<\/h2>\n\t\t\t\t\n\t\t\t\t\n\t\t\t\t\t\t\t\t\t<div class=\"elementor-cta__button-wrapper elementor-cta__content-item elementor-content-item\">\n\t\t\t\t\t<span class=\"elementor-cta__button elementor-button elementor-size-\">\n\t\t\t\t\t\tMore information\t\t\t\t\t<\/span>\n\t\t\t\t\t<\/div>\n\t\t\t\t\t\t\t<\/div>\n\t\t\t\t\t\t<\/a>\n\t\t\t\t\t\t<\/div>\n\t\t\t\t<\/div>\n\t\t\t\t\t<\/div>\n\t\t<\/div>\n\t\t\t\t\t<\/div>\n\t\t<\/section>\n\t\t\t\t<section class=\"elementor-section elementor-inner-section elementor-element elementor-element-d2bb258 elementor-section-boxed elementor-section-height-default elementor-section-height-default\" data-id=\"d2bb258\" data-element_type=\"section\">\n\t\t\t\t\t\t<div class=\"elementor-container elementor-column-gap-default\">\n\t\t\t\t\t<div class=\"elementor-column elementor-col-50 elementor-inner-column elementor-element elementor-element-124ef53\" data-id=\"124ef53\" data-element_type=\"column\">\n\t\t\t<div class=\"elementor-widget-wrap elementor-element-populated\">\n\t\t\t\t\t\t<div class=\"elementor-element elementor-element-0700759 elementor-cta--layout-image-above elementor-cta--valign-top elementor-cta--skin-classic elementor-widget elementor-widget-call-to-action\" data-id=\"0700759\" data-element_type=\"widget\" data-widget_type=\"call-to-action.default\">\n\t\t\t\t<div class=\"elementor-widget-container\">\n\t\t\t\t\t\t\t<a class=\"elementor-cta\" href=\"https:\/\/citrus-agro.com\/en\/lecitina-de-soya-granel\/\">\n\t\t\t\t\t\t\t<div class=\"elementor-cta__content\">\n\t\t\t\t\t\t\t\t\t<div class=\"elementor-content-item elementor-cta__content-item elementor-cta__image\">\n\t\t\t\t\t\t<img loading=\"lazy\" decoding=\"async\" width=\"2000\" height=\"2400\" src=\"https:\/\/citrus-agro.com\/wp-content\/uploads\/2022\/05\/LECITINA-DE-SOYA-GRANEL.jpg\" class=\"attachment-full size-full wp-image-1661\" alt=\"\" srcset=\"https:\/\/citrus-agro.com\/wp-content\/uploads\/2022\/05\/LECITINA-DE-SOYA-GRANEL.jpg 2000w, https:\/\/citrus-agro.com\/wp-content\/uploads\/2022\/05\/LECITINA-DE-SOYA-GRANEL-250x300.jpg 250w, https:\/\/citrus-agro.com\/wp-content\/uploads\/2022\/05\/LECITINA-DE-SOYA-GRANEL-853x1024.jpg 853w, https:\/\/citrus-agro.com\/wp-content\/uploads\/2022\/05\/LECITINA-DE-SOYA-GRANEL-768x922.jpg 768w, https:\/\/citrus-agro.com\/wp-content\/uploads\/2022\/05\/LECITINA-DE-SOYA-GRANEL-1280x1536.jpg 1280w, https:\/\/citrus-agro.com\/wp-content\/uploads\/2022\/05\/LECITINA-DE-SOYA-GRANEL-1707x2048.jpg 1707w, https:\/\/citrus-agro.com\/wp-content\/uploads\/2022\/05\/LECITINA-DE-SOYA-GRANEL-600x720.jpg 600w\" sizes=\"(max-width: 2000px) 100vw, 2000px\" \/>\t\t\t\t\t<\/div>\n\t\t\t\t\n\t\t\t\t\t\t\t\t\t<h2 class=\"elementor-cta__title elementor-cta__content-item elementor-content-item\">\n\t\t\t\t\t\tLECITINA DE SOYA GRANEL\t\t\t\t\t<\/h2>\n\t\t\t\t\n\t\t\t\t\n\t\t\t\t\t\t\t\t\t<div class=\"elementor-cta__button-wrapper elementor-cta__content-item elementor-content-item\">\n\t\t\t\t\t<span class=\"elementor-cta__button elementor-button elementor-size-\">\n\t\t\t\t\t\tMore information\t\t\t\t\t<\/span>\n\t\t\t\t\t<\/div>\n\t\t\t\t\t\t\t<\/div>\n\t\t\t\t\t\t<\/a>\n\t\t\t\t\t\t<\/div>\n\t\t\t\t<\/div>\n\t\t\t\t\t<\/div>\n\t\t<\/div>\n\t\t\t\t<div class=\"elementor-column elementor-col-50 elementor-inner-column elementor-element elementor-element-5645a0e\" data-id=\"5645a0e\" data-element_type=\"column\">\n\t\t\t<div class=\"elementor-widget-wrap elementor-element-populated\">\n\t\t\t\t\t\t<div class=\"elementor-element elementor-element-a278bcd elementor-cta--layout-image-above elementor-cta--valign-top elementor-cta--skin-classic elementor-widget elementor-widget-call-to-action\" data-id=\"a278bcd\" data-element_type=\"widget\" data-widget_type=\"call-to-action.default\">\n\t\t\t\t<div class=\"elementor-widget-container\">\n\t\t\t\t\t\t\t<a class=\"elementor-cta\" href=\"https:\/\/citrus-agro.com\/en\/aceite-crudo-de-soya-granel\/\">\n\t\t\t\t\t\t\t<div class=\"elementor-cta__content\">\n\t\t\t\t\t\t\t\t\t<div class=\"elementor-content-item elementor-cta__content-item elementor-cta__image\">\n\t\t\t\t\t\t<img loading=\"lazy\" decoding=\"async\" width=\"2000\" height=\"2400\" src=\"https:\/\/citrus-agro.com\/wp-content\/uploads\/2022\/05\/ACEITE-CRUDO-DE-SOYA-GRANEL.jpg\" class=\"attachment-full size-full wp-image-1660\" alt=\"\" srcset=\"https:\/\/citrus-agro.com\/wp-content\/uploads\/2022\/05\/ACEITE-CRUDO-DE-SOYA-GRANEL.jpg 2000w, https:\/\/citrus-agro.com\/wp-content\/uploads\/2022\/05\/ACEITE-CRUDO-DE-SOYA-GRANEL-250x300.jpg 250w, https:\/\/citrus-agro.com\/wp-content\/uploads\/2022\/05\/ACEITE-CRUDO-DE-SOYA-GRANEL-853x1024.jpg 853w, https:\/\/citrus-agro.com\/wp-content\/uploads\/2022\/05\/ACEITE-CRUDO-DE-SOYA-GRANEL-768x922.jpg 768w, https:\/\/citrus-agro.com\/wp-content\/uploads\/2022\/05\/ACEITE-CRUDO-DE-SOYA-GRANEL-1280x1536.jpg 1280w, https:\/\/citrus-agro.com\/wp-content\/uploads\/2022\/05\/ACEITE-CRUDO-DE-SOYA-GRANEL-1707x2048.jpg 1707w, https:\/\/citrus-agro.com\/wp-content\/uploads\/2022\/05\/ACEITE-CRUDO-DE-SOYA-GRANEL-600x720.jpg 600w\" sizes=\"(max-width: 2000px) 100vw, 2000px\" \/>\t\t\t\t\t<\/div>\n\t\t\t\t\n\t\t\t\t\t\t\t\t\t<h2 class=\"elementor-cta__title elementor-cta__content-item elementor-content-item\">\n\t\t\t\t\t\tACEITE CRUDO DE SOYA GRANEL\t\t\t\t\t<\/h2>\n\t\t\t\t\n\t\t\t\t\n\t\t\t\t\t\t\t\t\t<div class=\"elementor-cta__button-wrapper elementor-cta__content-item elementor-content-item\">\n\t\t\t\t\t<span class=\"elementor-cta__button elementor-button elementor-size-\">\n\t\t\t\t\t\tMore information\t\t\t\t\t<\/span>\n\t\t\t\t\t<\/div>\n\t\t\t\t\t\t\t<\/div>\n\t\t\t\t\t\t<\/a>\n\t\t\t\t\t\t<\/div>\n\t\t\t\t<\/div>\n\t\t\t\t\t<\/div>\n\t\t<\/div>\n\t\t\t\t\t<\/div>\n\t\t<\/section>\n\t\t\t\t<section class=\"elementor-section elementor-inner-section elementor-element elementor-element-d42fb2a elementor-section-boxed elementor-section-height-default elementor-section-height-default\" data-id=\"d42fb2a\" data-element_type=\"section\">\n\t\t\t\t\t\t<div class=\"elementor-container elementor-column-gap-default\">\n\t\t\t\t\t<div class=\"elementor-column elementor-col-50 elementor-inner-column elementor-element elementor-element-4f02c13\" data-id=\"4f02c13\" data-element_type=\"column\">\n\t\t\t<div class=\"elementor-widget-wrap elementor-element-populated\">\n\t\t\t\t\t\t<div class=\"elementor-element elementor-element-2533f77 elementor-cta--layout-image-above elementor-cta--valign-top elementor-cta--skin-classic elementor-widget elementor-widget-call-to-action\" data-id=\"2533f77\" data-element_type=\"widget\" data-widget_type=\"call-to-action.default\">\n\t\t\t\t<div class=\"elementor-widget-container\">\n\t\t\t\t\t\t\t<a class=\"elementor-cta\" href=\"https:\/\/citrus-agro.com\/en\/pellet-de-alfalfa-maxibag\/\">\n\t\t\t\t\t\t\t<div class=\"elementor-cta__content\">\n\t\t\t\t\t\t\t\t\t<div class=\"elementor-content-item elementor-cta__content-item elementor-cta__image\">\n\t\t\t\t\t\t<img loading=\"lazy\" decoding=\"async\" width=\"2000\" height=\"2400\" src=\"https:\/\/citrus-agro.com\/wp-content\/uploads\/2022\/05\/PELLET-DE-ALFALFA-MAXIBAG.jpg\" class=\"attachment-full size-full wp-image-1671\" alt=\"\" srcset=\"https:\/\/citrus-agro.com\/wp-content\/uploads\/2022\/05\/PELLET-DE-ALFALFA-MAXIBAG.jpg 2000w, https:\/\/citrus-agro.com\/wp-content\/uploads\/2022\/05\/PELLET-DE-ALFALFA-MAXIBAG-250x300.jpg 250w, https:\/\/citrus-agro.com\/wp-content\/uploads\/2022\/05\/PELLET-DE-ALFALFA-MAXIBAG-853x1024.jpg 853w, https:\/\/citrus-agro.com\/wp-content\/uploads\/2022\/05\/PELLET-DE-ALFALFA-MAXIBAG-768x922.jpg 768w, https:\/\/citrus-agro.com\/wp-content\/uploads\/2022\/05\/PELLET-DE-ALFALFA-MAXIBAG-1280x1536.jpg 1280w, https:\/\/citrus-agro.com\/wp-content\/uploads\/2022\/05\/PELLET-DE-ALFALFA-MAXIBAG-1707x2048.jpg 1707w, https:\/\/citrus-agro.com\/wp-content\/uploads\/2022\/05\/PELLET-DE-ALFALFA-MAXIBAG-600x720.jpg 600w\" sizes=\"(max-width: 2000px) 100vw, 2000px\" \/>\t\t\t\t\t<\/div>\n\t\t\t\t\n\t\t\t\t\t\t\t\t\t<h2 class=\"elementor-cta__title elementor-cta__content-item elementor-content-item\">\n\t\t\t\t\t\tPALLET DE ALFALFA MAXIBAG\t\t\t\t\t<\/h2>\n\t\t\t\t\n\t\t\t\t\n\t\t\t\t\t\t\t\t\t<div class=\"elementor-cta__button-wrapper elementor-cta__content-item elementor-content-item\">\n\t\t\t\t\t<span class=\"elementor-cta__button elementor-button elementor-size-\">\n\t\t\t\t\t\tMore information\t\t\t\t\t<\/span>\n\t\t\t\t\t<\/div>\n\t\t\t\t\t\t\t<\/div>\n\t\t\t\t\t\t<\/a>\n\t\t\t\t\t\t<\/div>\n\t\t\t\t<\/div>\n\t\t\t\t\t<\/div>\n\t\t<\/div>\n\t\t\t\t<div class=\"elementor-column elementor-col-50 elementor-inner-column elementor-element elementor-element-1fe564e\" data-id=\"1fe564e\" data-element_type=\"column\">\n\t\t\t<div class=\"elementor-widget-wrap elementor-element-populated\">\n\t\t\t\t\t\t<div class=\"elementor-element elementor-element-01ee327 elementor-cta--layout-image-above elementor-cta--valign-top elementor-cta--skin-classic elementor-widget elementor-widget-call-to-action\" data-id=\"01ee327\" data-element_type=\"widget\" data-widget_type=\"call-to-action.default\">\n\t\t\t\t<div class=\"elementor-widget-container\">\n\t\t\t\t\t\t\t<a class=\"elementor-cta\" href=\"https:\/\/citrus-agro.com\/en\/maiz-partido-granel\/\">\n\t\t\t\t\t\t\t<div class=\"elementor-cta__content\">\n\t\t\t\t\t\t\t\t\t<div class=\"elementor-content-item elementor-cta__content-item elementor-cta__image\">\n\t\t\t\t\t\t<img loading=\"lazy\" decoding=\"async\" width=\"2000\" height=\"2400\" src=\"https:\/\/citrus-agro.com\/wp-content\/uploads\/2022\/05\/MAIZ-PARTIDO-GRANEL-1.jpg\" class=\"attachment-full size-full wp-image-1363\" alt=\"\" srcset=\"https:\/\/citrus-agro.com\/wp-content\/uploads\/2022\/05\/MAIZ-PARTIDO-GRANEL-1.jpg 2000w, https:\/\/citrus-agro.com\/wp-content\/uploads\/2022\/05\/MAIZ-PARTIDO-GRANEL-1-250x300.jpg 250w, https:\/\/citrus-agro.com\/wp-content\/uploads\/2022\/05\/MAIZ-PARTIDO-GRANEL-1-853x1024.jpg 853w, https:\/\/citrus-agro.com\/wp-content\/uploads\/2022\/05\/MAIZ-PARTIDO-GRANEL-1-768x922.jpg 768w, https:\/\/citrus-agro.com\/wp-content\/uploads\/2022\/05\/MAIZ-PARTIDO-GRANEL-1-1280x1536.jpg 1280w, https:\/\/citrus-agro.com\/wp-content\/uploads\/2022\/05\/MAIZ-PARTIDO-GRANEL-1-1707x2048.jpg 1707w, https:\/\/citrus-agro.com\/wp-content\/uploads\/2022\/05\/MAIZ-PARTIDO-GRANEL-1-600x720.jpg 600w\" sizes=\"(max-width: 2000px) 100vw, 2000px\" \/>\t\t\t\t\t<\/div>\n\t\t\t\t\n\t\t\t\t\t\t\t\t\t<h2 class=\"elementor-cta__title elementor-cta__content-item elementor-content-item\">\n\t\t\t\t\t\t MA\u00cdZ PARTIDO GRANEL\t\t\t\t\t<\/h2>\n\t\t\t\t\n\t\t\t\t\n\t\t\t\t\t\t\t\t\t<div class=\"elementor-cta__button-wrapper elementor-cta__content-item elementor-content-item\">\n\t\t\t\t\t<span class=\"elementor-cta__button elementor-button elementor-size-\">\n\t\t\t\t\t\tMore information\t\t\t\t\t<\/span>\n\t\t\t\t\t<\/div>\n\t\t\t\t\t\t\t<\/div>\n\t\t\t\t\t\t<\/a>\n\t\t\t\t\t\t<\/div>\n\t\t\t\t<\/div>\n\t\t\t\t\t<\/div>\n\t\t<\/div>\n\t\t\t\t\t<\/div>\n\t\t<\/section>\n\t\t\t\t\t<\/div>\n\t\t<\/div>\n\t\t\t\t\t<\/div>\n\t\t<\/section>\n\t\t\t\t<\/div>","protected":false},"excerpt":{"rendered":"<p>L\u00ednea de Productos PELLET DE ALFALFA M\u00e1s informaci\u00f3n HARINA DE SOYA GRANEL M\u00e1s informaci\u00f3n MA\u00cdZ ENTERO GRANEL M\u00e1s informaci\u00f3n MA\u00cdZ MOLIDO GRANEL M\u00e1s informaci\u00f3n LECITINA DE SOYA GRANEL M\u00e1s informaci\u00f3n ACEITE CRUDO DE SOYA GRANEL M\u00e1s informaci\u00f3n PALLET DE ALFALFA MAXIBAG M\u00e1s informaci\u00f3n MA\u00cdZ PARTIDO GRANEL M\u00e1s informaci\u00f3n<\/p>","protected":false},"author":1,"featured_media":0,"parent":0,"menu_order":0,"comment_status":"closed","ping_status":"closed","template":"elementor_header_footer","meta":{"footnotes":""},"class_list":["post-1423","page","type-page","status-publish","hentry"],"_links":{"self":[{"href":"https:\/\/citrus-agro.com\/en\/wp-json\/wp\/v2\/pages\/1423","targetHints":{"allow":["GET"]}}],"collection":[{"href":"https:\/\/citrus-agro.com\/en\/wp-json\/wp\/v2\/pages"}],"about":[{"href":"https:\/\/citrus-agro.com\/en\/wp-json\/wp\/v2\/types\/page"}],"author":[{"embeddable":true,"href":"https:\/\/citrus-agro.com\/en\/wp-json\/wp\/v2\/users\/1"}],"replies":[{"embeddable":true,"href":"https:\/\/citrus-agro.com\/en\/wp-json\/wp\/v2\/comments?post=1423"}],"version-history":[{"count":0,"href":"https:\/\/citrus-agro.com\/en\/wp-json\/wp\/v2\/pages\/1423\/revisions"}],"wp:attachment":[{"href":"https:\/\/citrus-agro.com\/en\/wp-json\/wp\/v2\/media?parent=1423"}],"curies":[{"name":"wp","href":"https:\/\/api.w.org\/{rel}","templated":true}]}}