{"id":2315,"date":"2024-03-06T21:11:45","date_gmt":"2024-03-06T21:11:45","guid":{"rendered":"https:\/\/citrus-agro.com\/?page_id=2315"},"modified":"2025-05-12T16:43:03","modified_gmt":"2025-05-12T16:43:03","slug":"quienes-somos","status":"publish","type":"page","link":"https:\/\/citrus-agro.com\/en\/quienes-somos\/","title":{"rendered":"Who We Are"},"content":{"rendered":"<div data-elementor-type=\"wp-page\" data-elementor-id=\"2315\" class=\"elementor elementor-2315\" data-elementor-post-type=\"page\">\n\t\t\t\t\t\t<section class=\"elementor-section elementor-top-section elementor-element elementor-element-7ce9760 elementor-section-boxed elementor-section-height-default elementor-section-height-default\" data-id=\"7ce9760\" data-element_type=\"section\">\n\t\t\t\t\t\t<div class=\"elementor-container elementor-column-gap-default\">\n\t\t\t\t\t<div class=\"elementor-column elementor-col-50 elementor-top-column elementor-element elementor-element-b33f302\" data-id=\"b33f302\" data-element_type=\"column\">\n\t\t\t<div class=\"elementor-widget-wrap elementor-element-populated\">\n\t\t\t\t\t\t<div class=\"elementor-element elementor-element-c184d16 elementor-invisible elementor-widget elementor-widget-elementskit-heading\" data-id=\"c184d16\" data-element_type=\"widget\" data-settings=\"{&quot;_animation&quot;:&quot;fadeIn&quot;}\" data-widget_type=\"elementskit-heading.default\">\n\t\t\t\t<div class=\"elementor-widget-container\">\n\t\t\t\t\t<div class=\"ekit-wid-con\" ><div class=\"ekit-heading elementskit-section-title-wraper text_left   ekit_heading_tablet-   ekit_heading_mobile-text_center\"><h1 class=\"ekit-heading--title elementskit-section-title\">History of Citrus<\/h1><div class=\"ekit_heading_separetor_wraper ekit_heading_elementskit-border-divider ekit-dotted\"><div class=\"elementskit-border-divider ekit-dotted\"><\/div><\/div><\/div><\/div>\t\t\t\t<\/div>\n\t\t\t\t<\/div>\n\t\t\t\t<div class=\"elementor-element elementor-element-fa52f6e elementor-invisible elementor-widget elementor-widget-heading\" data-id=\"fa52f6e\" data-element_type=\"widget\" data-settings=\"{&quot;_animation&quot;:&quot;fadeInLeft&quot;}\" data-widget_type=\"heading.default\">\n\t\t\t\t<div class=\"elementor-widget-container\">\n\t\t\t\t\t<h2 class=\"elementor-heading-title elementor-size-default\">\u00bfQuienes Somos?<\/h2>\t\t\t\t<\/div>\n\t\t\t\t<\/div>\n\t\t\t\t<div class=\"elementor-element elementor-element-791761d elementor-widget elementor-widget-text-editor\" data-id=\"791761d\" data-element_type=\"widget\" data-widget_type=\"text-editor.default\">\n\t\t\t\t<div class=\"elementor-widget-container\">\n\t\t\t\t\t\t\t\t\t<p><span style=\"color: #008000;\"><strong>CITRUS AGRO<\/strong><\/span> is a national company that for 18 years, has worked in fertilization and plant nutrition, with a strong emphasis on the research, development and innovation, every day we seek to offer our customers quality products and establish long-term relationships.<\/p><p>Since the year 2023, we extended our operations in foreign countries (Peru), with the creation of <span style=\"color: #008000;\"><strong>CITRUS AGRO PER\u00da<\/strong><\/span>\u00a0where the distribution of our products is concentrated mainly in fertilizer granular, and soluble, is expected in the short term to develop and distribute<br \/>biostimulants foliar and soil, which support the development of companies and peruvian farmers.<\/p><p>We have warehouses and processing plants, such as distribution hubs strategically located in order to comply promptly with the requirements of our customers.<\/p>\t\t\t\t\t\t\t\t<\/div>\n\t\t\t\t<\/div>\n\t\t\t\t\t<\/div>\n\t\t<\/div>\n\t\t\t\t<div class=\"elementor-column elementor-col-50 elementor-top-column elementor-element elementor-element-648de41\" data-id=\"648de41\" data-element_type=\"column\" data-settings=\"{&quot;background_background&quot;:&quot;slideshow&quot;,&quot;background_slideshow_gallery&quot;:[{&quot;id&quot;:3626,&quot;url&quot;:&quot;https:\\\/\\\/citrus-agro.com\\\/wp-content\\\/uploads\\\/2024\\\/03\\\/Fondo-03.jpg&quot;},{&quot;id&quot;:3625,&quot;url&quot;:&quot;https:\\\/\\\/citrus-agro.com\\\/wp-content\\\/uploads\\\/2024\\\/03\\\/Fondo-01.jpeg&quot;},{&quot;id&quot;:3624,&quot;url&quot;:&quot;https:\\\/\\\/citrus-agro.com\\\/wp-content\\\/uploads\\\/2024\\\/03\\\/Fondo-02.jpeg&quot;}],&quot;background_slideshow_loop&quot;:&quot;yes&quot;,&quot;background_slideshow_slide_duration&quot;:5000,&quot;background_slideshow_slide_transition&quot;:&quot;fade&quot;,&quot;background_slideshow_transition_duration&quot;:500}\">\n\t\t\t<div class=\"elementor-widget-wrap elementor-element-populated\">\n\t\t\t\t\t\t<div class=\"elementor-element elementor-element-fa778b0 elementor-widget elementor-widget-spacer\" data-id=\"fa778b0\" data-element_type=\"widget\" data-widget_type=\"spacer.default\">\n\t\t\t\t<div class=\"elementor-widget-container\">\n\t\t\t\t\t\t\t<div class=\"elementor-spacer\">\n\t\t\t<div class=\"elementor-spacer-inner\"><\/div>\n\t\t<\/div>\n\t\t\t\t\t\t<\/div>\n\t\t\t\t<\/div>\n\t\t\t\t\t<\/div>\n\t\t<\/div>\n\t\t\t\t\t<\/div>\n\t\t<\/section>\n\t\t\t\t<section class=\"elementor-section elementor-top-section elementor-element elementor-element-b5923bb elementor-section-boxed elementor-section-height-default elementor-section-height-default\" data-id=\"b5923bb\" data-element_type=\"section\">\n\t\t\t\t\t\t<div class=\"elementor-container elementor-column-gap-default\">\n\t\t\t\t\t<div class=\"elementor-column elementor-col-33 elementor-top-column elementor-element elementor-element-8a3a278\" data-id=\"8a3a278\" data-element_type=\"column\">\n\t\t\t<div class=\"elementor-widget-wrap elementor-element-populated\">\n\t\t\t\t\t\t<div class=\"elementor-element elementor-element-e8ce9ea elementor-widget elementor-widget-image\" data-id=\"e8ce9ea\" data-element_type=\"widget\" data-widget_type=\"image.default\">\n\t\t\t\t<div class=\"elementor-widget-container\">\n\t\t\t\t\t\t\t\t\t\t\t\t\t\t\t<img fetchpriority=\"high\" decoding=\"async\" width=\"640\" height=\"640\" src=\"https:\/\/citrus-agro.com\/wp-content\/uploads\/2024\/04\/valor.gif\" class=\"attachment-large size-large wp-image-4809\" alt=\"\" \/>\t\t\t\t\t\t\t\t\t\t\t\t\t\t\t<\/div>\n\t\t\t\t<\/div>\n\t\t\t\t<div class=\"elementor-element elementor-element-939560f elementor-widget elementor-widget-heading\" data-id=\"939560f\" data-element_type=\"widget\" data-widget_type=\"heading.default\">\n\t\t\t\t<div class=\"elementor-widget-container\">\n\t\t\t\t\t<h3 class=\"elementor-heading-title elementor-size-default\">MISSION<\/h3>\t\t\t\t<\/div>\n\t\t\t\t<\/div>\n\t\t\t\t<div class=\"elementor-element elementor-element-f758751 elementor-icon-list--layout-traditional elementor-list-item-link-full_width elementor-widget elementor-widget-icon-list\" data-id=\"f758751\" data-element_type=\"widget\" data-widget_type=\"icon-list.default\">\n\t\t\t\t<div class=\"elementor-widget-container\">\n\t\t\t\t\t\t\t<ul class=\"elementor-icon-list-items\">\n\t\t\t\t\t\t\t<li class=\"elementor-icon-list-item\">\n\t\t\t\t\t\t\t\t\t\t\t<span class=\"elementor-icon-list-icon\">\n\t\t\t\t\t\t\t<i aria-hidden=\"true\" class=\"fas fa-minus\"><\/i>\t\t\t\t\t\t<\/span>\n\t\t\t\t\t\t\t\t\t\t<span class=\"elementor-icon-list-text\">Contribute to the development of national agricultural, through innovation in fertilization, nutrition and new technologies.<\/span>\n\t\t\t\t\t\t\t\t\t<\/li>\n\t\t\t\t\t\t<\/ul>\n\t\t\t\t\t\t<\/div>\n\t\t\t\t<\/div>\n\t\t\t\t\t<\/div>\n\t\t<\/div>\n\t\t\t\t<div class=\"elementor-column elementor-col-33 elementor-top-column elementor-element elementor-element-9de0d3d\" data-id=\"9de0d3d\" data-element_type=\"column\">\n\t\t\t<div class=\"elementor-widget-wrap elementor-element-populated\">\n\t\t\t\t\t\t<div class=\"elementor-element elementor-element-1dee011 elementor-widget elementor-widget-image\" data-id=\"1dee011\" data-element_type=\"widget\" data-widget_type=\"image.default\">\n\t\t\t\t<div class=\"elementor-widget-container\">\n\t\t\t\t\t\t\t\t\t\t\t\t\t\t\t<img decoding=\"async\" width=\"360\" height=\"360\" src=\"https:\/\/citrus-agro.com\/wp-content\/uploads\/2024\/04\/salvar-la-naturaleza-unscreen.gif\" class=\"attachment-large size-large wp-image-4808\" alt=\"\" \/>\t\t\t\t\t\t\t\t\t\t\t\t\t\t\t<\/div>\n\t\t\t\t<\/div>\n\t\t\t\t<div class=\"elementor-element elementor-element-39f8368 elementor-widget elementor-widget-heading\" data-id=\"39f8368\" data-element_type=\"widget\" data-widget_type=\"heading.default\">\n\t\t\t\t<div class=\"elementor-widget-container\">\n\t\t\t\t\t<h3 class=\"elementor-heading-title elementor-size-default\">VALUES<\/h3>\t\t\t\t<\/div>\n\t\t\t\t<\/div>\n\t\t\t\t<div class=\"elementor-element elementor-element-116b7a8 elementor-icon-list--layout-traditional elementor-list-item-link-full_width elementor-widget elementor-widget-icon-list\" data-id=\"116b7a8\" data-element_type=\"widget\" data-widget_type=\"icon-list.default\">\n\t\t\t\t<div class=\"elementor-widget-container\">\n\t\t\t\t\t\t\t<ul class=\"elementor-icon-list-items\">\n\t\t\t\t\t\t\t<li class=\"elementor-icon-list-item\">\n\t\t\t\t\t\t\t\t\t\t\t<span class=\"elementor-icon-list-icon\">\n\t\t\t\t\t\t\t<i aria-hidden=\"true\" class=\"fas fa-minus\"><\/i>\t\t\t\t\t\t<\/span>\n\t\t\t\t\t\t\t\t\t\t<span class=\"elementor-icon-list-text\">To promote agriculture and environmentally friendly.<\/span>\n\t\t\t\t\t\t\t\t\t<\/li>\n\t\t\t\t\t\t\t\t<li class=\"elementor-icon-list-item\">\n\t\t\t\t\t\t\t\t\t\t\t<span class=\"elementor-icon-list-icon\">\n\t\t\t\t\t\t\t<i aria-hidden=\"true\" class=\"fas fa-minus\"><\/i>\t\t\t\t\t\t<\/span>\n\t\t\t\t\t\t\t\t\t\t<span class=\"elementor-icon-list-text\">Development of quality products.<\/span>\n\t\t\t\t\t\t\t\t\t<\/li>\n\t\t\t\t\t\t\t\t<li class=\"elementor-icon-list-item\">\n\t\t\t\t\t\t\t\t\t\t\t<span class=\"elementor-icon-list-icon\">\n\t\t\t\t\t\t\t<i aria-hidden=\"true\" class=\"fas fa-minus\"><\/i>\t\t\t\t\t\t<\/span>\n\t\t\t\t\t\t\t\t\t\t<span class=\"elementor-icon-list-text\">Development of innovative solutions in plant nutrition and bioinsumos.<\/span>\n\t\t\t\t\t\t\t\t\t<\/li>\n\t\t\t\t\t\t\t\t<li class=\"elementor-icon-list-item\">\n\t\t\t\t\t\t\t\t\t\t\t<span class=\"elementor-icon-list-icon\">\n\t\t\t\t\t\t\t<i aria-hidden=\"true\" class=\"fas fa-minus\"><\/i>\t\t\t\t\t\t<\/span>\n\t\t\t\t\t\t\t\t\t\t<span class=\"elementor-icon-list-text\">Establishment of long-term relationships with our customers.<\/span>\n\t\t\t\t\t\t\t\t\t<\/li>\n\t\t\t\t\t\t<\/ul>\n\t\t\t\t\t\t<\/div>\n\t\t\t\t<\/div>\n\t\t\t\t\t<\/div>\n\t\t<\/div>\n\t\t\t\t<div class=\"elementor-column elementor-col-33 elementor-top-column elementor-element elementor-element-819fbea\" data-id=\"819fbea\" data-element_type=\"column\">\n\t\t\t<div class=\"elementor-widget-wrap elementor-element-populated\">\n\t\t\t\t\t\t<div class=\"elementor-element elementor-element-002980d elementor-widget elementor-widget-image\" data-id=\"002980d\" data-element_type=\"widget\" data-widget_type=\"image.default\">\n\t\t\t\t<div class=\"elementor-widget-container\">\n\t\t\t\t\t\t\t\t\t\t\t\t\t\t\t<img decoding=\"async\" width=\"360\" height=\"360\" src=\"https:\/\/citrus-agro.com\/wp-content\/uploads\/2024\/04\/mision-1-unscreen.gif\" class=\"attachment-large size-large wp-image-4812\" alt=\"\" \/>\t\t\t\t\t\t\t\t\t\t\t\t\t\t\t<\/div>\n\t\t\t\t<\/div>\n\t\t\t\t<div class=\"elementor-element elementor-element-b62fd7c elementor-widget elementor-widget-heading\" data-id=\"b62fd7c\" data-element_type=\"widget\" data-widget_type=\"heading.default\">\n\t\t\t\t<div class=\"elementor-widget-container\">\n\t\t\t\t\t<h3 class=\"elementor-heading-title elementor-size-default\">VISION<\/h3>\t\t\t\t<\/div>\n\t\t\t\t<\/div>\n\t\t\t\t<div class=\"elementor-element elementor-element-5815f4d elementor-icon-list--layout-traditional elementor-list-item-link-full_width elementor-widget elementor-widget-icon-list\" data-id=\"5815f4d\" data-element_type=\"widget\" data-widget_type=\"icon-list.default\">\n\t\t\t\t<div class=\"elementor-widget-container\">\n\t\t\t\t\t\t\t<ul class=\"elementor-icon-list-items\">\n\t\t\t\t\t\t\t<li class=\"elementor-icon-list-item\">\n\t\t\t\t\t\t\t\t\t\t\t<span class=\"elementor-icon-list-icon\">\n\t\t\t\t\t\t\t<i aria-hidden=\"true\" class=\"fas fa-minus\"><\/i>\t\t\t\t\t\t<\/span>\n\t\t\t\t\t\t\t\t\t\t<span class=\"elementor-icon-list-text\">To become a company recognized for its character as a sustainable company with a high degree of responsibility in business and technology, focused on innovation.<\/span>\n\t\t\t\t\t\t\t\t\t<\/li>\n\t\t\t\t\t\t<\/ul>\n\t\t\t\t\t\t<\/div>\n\t\t\t\t<\/div>\n\t\t\t\t\t<\/div>\n\t\t<\/div>\n\t\t\t\t\t<\/div>\n\t\t<\/section>\n\t\t\t\t<section class=\"elementor-section elementor-top-section elementor-element elementor-element-6c07665 elementor-hidden-desktop elementor-hidden-tablet elementor-hidden-mobile elementor-section-boxed elementor-section-height-default elementor-section-height-default\" data-id=\"6c07665\" data-element_type=\"section\">\n\t\t\t\t\t\t<div class=\"elementor-container elementor-column-gap-default\">\n\t\t\t\t\t<div class=\"elementor-column elementor-col-100 elementor-top-column elementor-element elementor-element-0898513\" data-id=\"0898513\" data-element_type=\"column\" data-settings=\"{&quot;background_background&quot;:&quot;classic&quot;}\">\n\t\t\t<div class=\"elementor-widget-wrap elementor-element-populated\">\n\t\t\t\t\t\t<div class=\"elementor-element elementor-element-5f48f9d elementor-widget elementor-widget-heading\" data-id=\"5f48f9d\" data-element_type=\"widget\" data-widget_type=\"heading.default\">\n\t\t\t\t<div class=\"elementor-widget-container\">\n\t\t\t\t\t<h2 class=\"elementor-heading-title elementor-size-default\">Organizational chart of Citrus<\/h2>\t\t\t\t<\/div>\n\t\t\t\t<\/div>\n\t\t\t\t<section class=\"elementor-section elementor-inner-section elementor-element elementor-element-c7b4423 elementor-section-boxed elementor-section-height-default elementor-section-height-default\" data-id=\"c7b4423\" data-element_type=\"section\" data-settings=\"{&quot;background_background&quot;:&quot;classic&quot;}\">\n\t\t\t\t\t\t<div class=\"elementor-container elementor-column-gap-default\">\n\t\t\t\t\t<div class=\"elementor-column elementor-col-100 elementor-inner-column elementor-element elementor-element-207f0d4\" data-id=\"207f0d4\" data-element_type=\"column\">\n\t\t\t<div class=\"elementor-widget-wrap elementor-element-populated\">\n\t\t\t\t\t\t<div class=\"elementor-element elementor-element-4552ea3 elementor-widget elementor-widget-image\" data-id=\"4552ea3\" data-element_type=\"widget\" data-widget_type=\"image.default\">\n\t\t\t\t<div class=\"elementor-widget-container\">\n\t\t\t\t\t\t\t\t\t\t\t\t\t\t\t\t<a href=\"https:\/\/citrus-agro.com\/wp-content\/uploads\/2024\/04\/Citrus-web-02.png\" data-elementor-open-lightbox=\"yes\" data-elementor-lightbox-title=\"Citrus web-02\" data-e-action-hash=\"#elementor-action%3Aaction%3Dlightbox%26settings%3DeyJpZCI6NDMxMSwidXJsIjoiaHR0cHM6XC9cL2NpdHJ1cy1hZ3JvLmNvbVwvd3AtY29udGVudFwvdXBsb2Fkc1wvMjAyNFwvMDRcL0NpdHJ1cy13ZWItMDIucG5nIn0%3D\">\n\t\t\t\t\t\t\t<img loading=\"lazy\" decoding=\"async\" width=\"3371\" height=\"2084\" src=\"https:\/\/citrus-agro.com\/wp-content\/uploads\/2024\/04\/Citrus-web-02.png\" class=\"attachment-full size-full wp-image-4311\" alt=\"\" srcset=\"https:\/\/citrus-agro.com\/wp-content\/uploads\/2024\/04\/Citrus-web-02.png 3371w, https:\/\/citrus-agro.com\/wp-content\/uploads\/2024\/04\/Citrus-web-02-300x185.png 300w, https:\/\/citrus-agro.com\/wp-content\/uploads\/2024\/04\/Citrus-web-02-1024x633.png 1024w, https:\/\/citrus-agro.com\/wp-content\/uploads\/2024\/04\/Citrus-web-02-768x475.png 768w, https:\/\/citrus-agro.com\/wp-content\/uploads\/2024\/04\/Citrus-web-02-1536x950.png 1536w, https:\/\/citrus-agro.com\/wp-content\/uploads\/2024\/04\/Citrus-web-02-2048x1266.png 2048w, https:\/\/citrus-agro.com\/wp-content\/uploads\/2024\/04\/Citrus-web-02-18x12.png 18w\" sizes=\"(max-width: 3371px) 100vw, 3371px\" \/>\t\t\t\t\t\t\t\t<\/a>\n\t\t\t\t\t\t\t\t\t\t\t\t\t\t\t<\/div>\n\t\t\t\t<\/div>\n\t\t\t\t\t<\/div>\n\t\t<\/div>\n\t\t\t\t\t<\/div>\n\t\t<\/section>\n\t\t\t\t\t<\/div>\n\t\t<\/div>\n\t\t\t\t\t<\/div>\n\t\t<\/section>\n\t\t\t\t<section class=\"elementor-section elementor-top-section elementor-element elementor-element-cfb4325 elementor-section-full_width elementor-section-height-default elementor-section-height-default\" data-id=\"cfb4325\" data-element_type=\"section\" data-settings=\"{&quot;background_background&quot;:&quot;classic&quot;}\">\n\t\t\t\t\t\t<div class=\"elementor-container elementor-column-gap-default\">\n\t\t\t\t\t<div class=\"elementor-column elementor-col-100 elementor-top-column elementor-element elementor-element-8ff2333\" data-id=\"8ff2333\" data-element_type=\"column\">\n\t\t\t<div class=\"elementor-widget-wrap elementor-element-populated\">\n\t\t\t\t\t\t<div class=\"elementor-element elementor-element-ef6f15b elementor-widget__width-auto title_color elementor-widget elementor-widget-heading\" data-id=\"ef6f15b\" data-element_type=\"widget\" data-widget_type=\"heading.default\">\n\t\t\t\t<div class=\"elementor-widget-container\">\n\t\t\t\t\t<h2 class=\"elementor-heading-title elementor-size-default\">Branches<\/h2>\t\t\t\t<\/div>\n\t\t\t\t<\/div>\n\t\t\t\t<section class=\"elementor-section elementor-inner-section elementor-element elementor-element-96f94cd elementor-section-boxed elementor-section-height-default elementor-section-height-default\" data-id=\"96f94cd\" data-element_type=\"section\">\n\t\t\t\t\t\t<div class=\"elementor-container elementor-column-gap-custom\">\n\t\t\t\t\t<div class=\"elementor-column elementor-col-50 elementor-inner-column elementor-element elementor-element-3f53b5b\" data-id=\"3f53b5b\" data-element_type=\"column\">\n\t\t\t<div class=\"elementor-widget-wrap elementor-element-populated\">\n\t\t\t\t\t\t<div class=\"elementor-element elementor-element-4b7dbfc elementor-widget elementor-widget-image\" data-id=\"4b7dbfc\" data-element_type=\"widget\" data-widget_type=\"image.default\">\n\t\t\t\t<div class=\"elementor-widget-container\">\n\t\t\t\t\t\t\t\t\t\t\t\t\t\t\t<img loading=\"lazy\" decoding=\"async\" width=\"1600\" height=\"900\" src=\"https:\/\/citrus-agro.com\/wp-content\/uploads\/2022\/05\/WhatsApp-Image-2022-02-24-at-12.59.32.jpg\" class=\"attachment-full size-full wp-image-64\" alt=\"\" srcset=\"https:\/\/citrus-agro.com\/wp-content\/uploads\/2022\/05\/WhatsApp-Image-2022-02-24-at-12.59.32.jpg 1600w, https:\/\/citrus-agro.com\/wp-content\/uploads\/2022\/05\/WhatsApp-Image-2022-02-24-at-12.59.32-600x338.jpg 600w, https:\/\/citrus-agro.com\/wp-content\/uploads\/2022\/05\/WhatsApp-Image-2022-02-24-at-12.59.32-300x169.jpg 300w, https:\/\/citrus-agro.com\/wp-content\/uploads\/2022\/05\/WhatsApp-Image-2022-02-24-at-12.59.32-1024x576.jpg 1024w, https:\/\/citrus-agro.com\/wp-content\/uploads\/2022\/05\/WhatsApp-Image-2022-02-24-at-12.59.32-768x432.jpg 768w, https:\/\/citrus-agro.com\/wp-content\/uploads\/2022\/05\/WhatsApp-Image-2022-02-24-at-12.59.32-1536x864.jpg 1536w\" sizes=\"(max-width: 1600px) 100vw, 1600px\" \/>\t\t\t\t\t\t\t\t\t\t\t\t\t\t\t<\/div>\n\t\t\t\t<\/div>\n\t\t\t\t\t<\/div>\n\t\t<\/div>\n\t\t\t\t<div class=\"elementor-column elementor-col-50 elementor-inner-column elementor-element elementor-element-c526b96\" data-id=\"c526b96\" data-element_type=\"column\">\n\t\t\t<div class=\"elementor-widget-wrap elementor-element-populated\">\n\t\t\t\t\t\t<div class=\"elementor-element elementor-element-1aaae32 elementor-position-left elementor-vertical-align-top elementor-widget elementor-widget-image-box\" data-id=\"1aaae32\" data-element_type=\"widget\" data-widget_type=\"image-box.default\">\n\t\t\t\t<div class=\"elementor-widget-container\">\n\t\t\t\t\t<div class=\"elementor-image-box-wrapper\"><figure class=\"elementor-image-box-img\"><img loading=\"lazy\" decoding=\"async\" width=\"155\" height=\"152\" src=\"https:\/\/citrus-agro.com\/wp-content\/uploads\/2022\/05\/Captura6.png\" class=\"attachment-full size-full wp-image-394\" alt=\"\" \/><\/figure><div class=\"elementor-image-box-content\"><h3 class=\"elementor-image-box-title\">OFFICE CHILE \ud83c\udde8\ud83c\uddf1<\/h3><p class=\"elementor-image-box-description\">Valley Avenue #524, Huechuraba. <br>Santiago - Chile<\/p><\/div><\/div>\t\t\t\t<\/div>\n\t\t\t\t<\/div>\n\t\t\t\t<div class=\"elementor-element elementor-element-832860b elementor-position-left elementor-vertical-align-top elementor-widget elementor-widget-image-box\" data-id=\"832860b\" data-element_type=\"widget\" data-widget_type=\"image-box.default\">\n\t\t\t\t<div class=\"elementor-widget-container\">\n\t\t\t\t\t<div class=\"elementor-image-box-wrapper\"><figure class=\"elementor-image-box-img\"><img loading=\"lazy\" decoding=\"async\" width=\"155\" height=\"152\" src=\"https:\/\/citrus-agro.com\/wp-content\/uploads\/2022\/05\/Captura6.png\" class=\"attachment-full size-full wp-image-394\" alt=\"\" \/><\/figure><div class=\"elementor-image-box-content\"><h3 class=\"elementor-image-box-title\">OFFICE PERU \ud83c\uddf5\ud83c\uddea<\/h3><p class=\"elementor-image-box-description\">Av. General Felipe Santiago Salaverry<br>Nro 2490, dto 201 - block 28, Jesus<br>\nMaria Lima - Peru<\/p><\/div><\/div>\t\t\t\t<\/div>\n\t\t\t\t<\/div>\n\t\t\t\t<div class=\"elementor-element elementor-element-da03688 elementor-position-left elementor-vertical-align-top elementor-widget elementor-widget-image-box\" data-id=\"da03688\" data-element_type=\"widget\" data-widget_type=\"image-box.default\">\n\t\t\t\t<div class=\"elementor-widget-container\">\n\t\t\t\t\t<div class=\"elementor-image-box-wrapper\"><figure class=\"elementor-image-box-img\"><img loading=\"lazy\" decoding=\"async\" width=\"120\" height=\"128\" src=\"https:\/\/citrus-agro.com\/wp-content\/uploads\/2022\/05\/Captura7.png\" class=\"attachment-full size-full wp-image-397\" alt=\"\" \/><\/figure><div class=\"elementor-image-box-content\"><h3 class=\"elementor-image-box-title\">WINERY \ud83c\udde8\ud83c\uddf1<\/h3><p class=\"elementor-image-box-description\">Curacav\u00ed , Ruta 68 , km 58,5 \u2013 Ex Fundo Sta Julia.<\/p><\/div><\/div>\t\t\t\t<\/div>\n\t\t\t\t<\/div>\n\t\t\t\t\t<\/div>\n\t\t<\/div>\n\t\t\t\t\t<\/div>\n\t\t<\/section>\n\t\t\t\t\t<\/div>\n\t\t<\/div>\n\t\t\t\t\t<\/div>\n\t\t<\/section>\n\t\t\t\t<\/div>","protected":false},"excerpt":{"rendered":"<p>Historia de Citrus \u00bfQuienes Somos? CITRUS AGRO es una empresa nacional que durante 18 a\u00f1os, ha trabajado en fertilizaci\u00f3n y nutrici\u00f3n vegetal, con un fuerte \u00e9nfasis en la investigaci\u00f3n, desarrollo e innovaci\u00f3n, cada d\u00eda buscamos ofrecer a nuestros clientes productos de calidad y establecer relaciones a largo plazo. Desde el a\u00f1o 2023 extendimos nuestras operaciones [&hellip;]<\/p>","protected":false},"author":1,"featured_media":0,"parent":0,"menu_order":0,"comment_status":"closed","ping_status":"closed","template":"elementor_header_footer","meta":{"footnotes":""},"class_list":["post-2315","page","type-page","status-publish","hentry"],"_links":{"self":[{"href":"https:\/\/citrus-agro.com\/en\/wp-json\/wp\/v2\/pages\/2315","targetHints":{"allow":["GET"]}}],"collection":[{"href":"https:\/\/citrus-agro.com\/en\/wp-json\/wp\/v2\/pages"}],"about":[{"href":"https:\/\/citrus-agro.com\/en\/wp-json\/wp\/v2\/types\/page"}],"author":[{"embeddable":true,"href":"https:\/\/citrus-agro.com\/en\/wp-json\/wp\/v2\/users\/1"}],"replies":[{"embeddable":true,"href":"https:\/\/citrus-agro.com\/en\/wp-json\/wp\/v2\/comments?post=2315"}],"version-history":[{"count":3,"href":"https:\/\/citrus-agro.com\/en\/wp-json\/wp\/v2\/pages\/2315\/revisions"}],"predecessor-version":[{"id":5205,"href":"https:\/\/citrus-agro.com\/en\/wp-json\/wp\/v2\/pages\/2315\/revisions\/5205"}],"wp:attachment":[{"href":"https:\/\/citrus-agro.com\/en\/wp-json\/wp\/v2\/media?parent=2315"}],"curies":[{"name":"wp","href":"https:\/\/api.w.org\/{rel}","templated":true}]}}