{"id":2593,"date":"2024-03-12T19:27:08","date_gmt":"2024-03-12T19:27:08","guid":{"rendered":"https:\/\/citrus-agro.com\/?page_id=2593"},"modified":"2025-11-18T19:51:08","modified_gmt":"2025-11-18T19:51:08","slug":"tipo-nitratos","status":"publish","type":"page","link":"https:\/\/citrus-agro.com\/en\/tipo-nitratos\/","title":{"rendered":"TIPO NITRATOS"},"content":{"rendered":"<div data-elementor-type=\"wp-page\" data-elementor-id=\"2593\" class=\"elementor elementor-2593\" data-elementor-post-type=\"page\">\n\t\t\t\t\t\t<section class=\"elementor-section elementor-top-section elementor-element elementor-element-82d16a5 elementor-section-boxed elementor-section-height-default elementor-section-height-default\" data-id=\"82d16a5\" data-element_type=\"section\">\n\t\t\t\t\t\t<div class=\"elementor-container elementor-column-gap-default\">\n\t\t\t\t\t<div class=\"elementor-column elementor-col-50 elementor-top-column elementor-element elementor-element-39a0cb7\" data-id=\"39a0cb7\" data-element_type=\"column\">\n\t\t\t<div class=\"elementor-widget-wrap elementor-element-populated\">\n\t\t\t\t\t\t<div class=\"elementor-element elementor-element-84962f4 elementor-widget elementor-widget-heading\" data-id=\"84962f4\" data-element_type=\"widget\" data-widget_type=\"heading.default\">\n\t\t\t\t<div class=\"elementor-widget-container\">\n\t\t\t\t\t<h1 class=\"elementor-heading-title elementor-size-default\">NITRATES<\/h1>\t\t\t\t<\/div>\n\t\t\t\t<\/div>\n\t\t\t\t\t<\/div>\n\t\t<\/div>\n\t\t\t\t<div class=\"elementor-column elementor-col-50 elementor-top-column elementor-element elementor-element-c4fc8c2 elementor-hidden-mobile elementor-hidden-tablet\" data-id=\"c4fc8c2\" data-element_type=\"column\">\n\t\t\t<div class=\"elementor-widget-wrap elementor-element-populated\">\n\t\t\t\t\t\t<div class=\"elementor-element elementor-element-3d17425 elementor-align-right elementor-widget elementor-widget-button\" data-id=\"3d17425\" data-element_type=\"widget\" data-widget_type=\"button.default\">\n\t\t\t\t<div class=\"elementor-widget-container\">\n\t\t\t\t\t\t\t\t\t<div class=\"elementor-button-wrapper\">\n\t\t\t\t\t<a class=\"elementor-button elementor-button-link elementor-size-sm\" href=\"https:\/\/citrus-agro.com\/en\/fertilizantes-soluble\/\">\n\t\t\t\t\t\t<span class=\"elementor-button-content-wrapper\">\n\t\t\t\t\t\t\t\t\t<span class=\"elementor-button-text\">Back<\/span>\n\t\t\t\t\t<\/span>\n\t\t\t\t\t<\/a>\n\t\t\t\t<\/div>\n\t\t\t\t\t\t\t\t<\/div>\n\t\t\t\t<\/div>\n\t\t\t\t\t<\/div>\n\t\t<\/div>\n\t\t\t\t\t<\/div>\n\t\t<\/section>\n\t\t\t\t<section class=\"elementor-section elementor-top-section elementor-element elementor-element-bb59ddb elementor-section-boxed elementor-section-height-default elementor-section-height-default\" data-id=\"bb59ddb\" data-element_type=\"section\">\n\t\t\t\t\t\t<div class=\"elementor-container elementor-column-gap-default\">\n\t\t\t\t\t<div class=\"elementor-column elementor-col-100 elementor-top-column elementor-element elementor-element-e90c75a\" data-id=\"e90c75a\" data-element_type=\"column\" data-settings=\"{&quot;background_background&quot;:&quot;classic&quot;}\">\n\t\t\t<div class=\"elementor-widget-wrap elementor-element-populated\">\n\t\t\t\t\t\t<section class=\"elementor-section elementor-inner-section elementor-element elementor-element-b587b5f elementor-section-boxed elementor-section-height-default elementor-section-height-default\" data-id=\"b587b5f\" data-element_type=\"section\">\n\t\t\t\t\t\t<div class=\"elementor-container elementor-column-gap-default\">\n\t\t\t\t\t<div class=\"elementor-column elementor-col-50 elementor-inner-column elementor-element elementor-element-e7c09cd\" data-id=\"e7c09cd\" data-element_type=\"column\">\n\t\t\t<div class=\"elementor-widget-wrap elementor-element-populated\">\n\t\t\t\t\t\t<div class=\"elementor-element elementor-element-866d69e elementor-widget elementor-widget-image\" data-id=\"866d69e\" data-element_type=\"widget\" data-widget_type=\"image.default\">\n\t\t\t\t<div class=\"elementor-widget-container\">\n\t\t\t\t\t\t\t\t\t\t\t\t\t\t\t<img fetchpriority=\"high\" decoding=\"async\" width=\"800\" height=\"800\" src=\"https:\/\/citrus-agro.com\/wp-content\/uploads\/2024\/04\/Growtec-Nitrato-de-calcio-2-1024x1024.png\" class=\"attachment-large size-large wp-image-4542\" alt=\"\" srcset=\"https:\/\/citrus-agro.com\/wp-content\/uploads\/2024\/04\/Growtec-Nitrato-de-calcio-2-1024x1024.png 1024w, https:\/\/citrus-agro.com\/wp-content\/uploads\/2024\/04\/Growtec-Nitrato-de-calcio-2-300x300.png 300w, https:\/\/citrus-agro.com\/wp-content\/uploads\/2024\/04\/Growtec-Nitrato-de-calcio-2-150x150.png 150w, https:\/\/citrus-agro.com\/wp-content\/uploads\/2024\/04\/Growtec-Nitrato-de-calcio-2-768x768.png 768w, https:\/\/citrus-agro.com\/wp-content\/uploads\/2024\/04\/Growtec-Nitrato-de-calcio-2-12x12.png 12w, https:\/\/citrus-agro.com\/wp-content\/uploads\/2024\/04\/Growtec-Nitrato-de-calcio-2.png 1080w\" sizes=\"(max-width: 800px) 100vw, 800px\" \/>\t\t\t\t\t\t\t\t\t\t\t\t\t\t\t<\/div>\n\t\t\t\t<\/div>\n\t\t\t\t<div class=\"elementor-element elementor-element-b6dcc1f elementor-widget elementor-widget-heading\" data-id=\"b6dcc1f\" data-element_type=\"widget\" data-widget_type=\"heading.default\">\n\t\t\t\t<div class=\"elementor-widget-container\">\n\t\t\t\t\t<h3 class=\"elementor-heading-title elementor-size-default\">CALCIUM NITRATE<\/h3>\t\t\t\t<\/div>\n\t\t\t\t<\/div>\n\t\t\t\t<div class=\"elementor-element elementor-element-0cfc474 elementor-align-center elementor-widget elementor-widget-button\" data-id=\"0cfc474\" data-element_type=\"widget\" data-widget_type=\"button.default\">\n\t\t\t\t<div class=\"elementor-widget-container\">\n\t\t\t\t\t\t\t\t\t<div class=\"elementor-button-wrapper\">\n\t\t\t\t\t<a class=\"elementor-button elementor-button-link elementor-size-sm\" href=\"https:\/\/citrus-agro.com\/en\/nitrato-de-calcio-soluble-15-0-0-26\/\">\n\t\t\t\t\t\t<span class=\"elementor-button-content-wrapper\">\n\t\t\t\t\t\t\t\t\t<span class=\"elementor-button-text\">More information<\/span>\n\t\t\t\t\t<\/span>\n\t\t\t\t\t<\/a>\n\t\t\t\t<\/div>\n\t\t\t\t\t\t\t\t<\/div>\n\t\t\t\t<\/div>\n\t\t\t\t\t<\/div>\n\t\t<\/div>\n\t\t\t\t<div class=\"elementor-column elementor-col-50 elementor-inner-column elementor-element elementor-element-087ed51\" data-id=\"087ed51\" data-element_type=\"column\">\n\t\t\t<div class=\"elementor-widget-wrap elementor-element-populated\">\n\t\t\t\t\t\t<div class=\"elementor-element elementor-element-2d6985a elementor-widget elementor-widget-image\" data-id=\"2d6985a\" data-element_type=\"widget\" data-widget_type=\"image.default\">\n\t\t\t\t<div class=\"elementor-widget-container\">\n\t\t\t\t\t\t\t\t\t\t\t\t\t\t\t<img decoding=\"async\" width=\"800\" height=\"800\" src=\"https:\/\/citrus-agro.com\/wp-content\/uploads\/2024\/04\/NITRATO-DE-MAGNESIO-edited-1024x1024.png\" class=\"attachment-large size-large wp-image-4445\" alt=\"NITRATO-DE-MAGNESIO\" srcset=\"https:\/\/citrus-agro.com\/wp-content\/uploads\/2024\/04\/NITRATO-DE-MAGNESIO-edited-1024x1024.png 1024w, https:\/\/citrus-agro.com\/wp-content\/uploads\/2024\/04\/NITRATO-DE-MAGNESIO-edited-300x300.png 300w, https:\/\/citrus-agro.com\/wp-content\/uploads\/2024\/04\/NITRATO-DE-MAGNESIO-edited-150x150.png 150w, https:\/\/citrus-agro.com\/wp-content\/uploads\/2024\/04\/NITRATO-DE-MAGNESIO-edited-768x768.png 768w, https:\/\/citrus-agro.com\/wp-content\/uploads\/2024\/04\/NITRATO-DE-MAGNESIO-edited-12x12.png 12w, https:\/\/citrus-agro.com\/wp-content\/uploads\/2024\/04\/NITRATO-DE-MAGNESIO-edited.png 1080w\" sizes=\"(max-width: 800px) 100vw, 800px\" \/>\t\t\t\t\t\t\t\t\t\t\t\t\t\t\t<\/div>\n\t\t\t\t<\/div>\n\t\t\t\t<div class=\"elementor-element elementor-element-c5cdd70 elementor-widget elementor-widget-heading\" data-id=\"c5cdd70\" data-element_type=\"widget\" data-widget_type=\"heading.default\">\n\t\t\t\t<div class=\"elementor-widget-container\">\n\t\t\t\t\t<h3 class=\"elementor-heading-title elementor-size-default\">MAGNESIUM NITRATE<\/h3>\t\t\t\t<\/div>\n\t\t\t\t<\/div>\n\t\t\t\t<div class=\"elementor-element elementor-element-82952a1 elementor-align-center elementor-widget elementor-widget-button\" data-id=\"82952a1\" data-element_type=\"widget\" data-widget_type=\"button.default\">\n\t\t\t\t<div class=\"elementor-widget-container\">\n\t\t\t\t\t\t\t\t\t<div class=\"elementor-button-wrapper\">\n\t\t\t\t\t<a class=\"elementor-button elementor-button-link elementor-size-sm\" href=\"https:\/\/citrus-agro.com\/en\/nitrato-de-magnesio-soluble-15-0-0-16\/\">\n\t\t\t\t\t\t<span class=\"elementor-button-content-wrapper\">\n\t\t\t\t\t\t\t\t\t<span class=\"elementor-button-text\">More information<\/span>\n\t\t\t\t\t<\/span>\n\t\t\t\t\t<\/a>\n\t\t\t\t<\/div>\n\t\t\t\t\t\t\t\t<\/div>\n\t\t\t\t<\/div>\n\t\t\t\t\t<\/div>\n\t\t<\/div>\n\t\t\t\t\t<\/div>\n\t\t<\/section>\n\t\t\t\t<section class=\"elementor-section elementor-inner-section elementor-element elementor-element-e0f8385 elementor-section-boxed elementor-section-height-default elementor-section-height-default\" data-id=\"e0f8385\" data-element_type=\"section\">\n\t\t\t\t\t\t<div class=\"elementor-container elementor-column-gap-default\">\n\t\t\t\t\t<div class=\"elementor-column elementor-col-50 elementor-inner-column elementor-element elementor-element-a064c49\" data-id=\"a064c49\" data-element_type=\"column\">\n\t\t\t<div class=\"elementor-widget-wrap elementor-element-populated\">\n\t\t\t\t\t\t<div class=\"elementor-element elementor-element-896d539 elementor-widget elementor-widget-image\" data-id=\"896d539\" data-element_type=\"widget\" data-widget_type=\"image.default\">\n\t\t\t\t<div class=\"elementor-widget-container\">\n\t\t\t\t\t\t\t\t\t\t\t\t\t\t\t<img decoding=\"async\" width=\"800\" height=\"800\" src=\"https:\/\/citrus-agro.com\/wp-content\/uploads\/2025\/11\/SACO_NITROTEC-26-PLUS-1024x1024.jpg\" class=\"attachment-large size-large wp-image-5355\" alt=\"\" srcset=\"https:\/\/citrus-agro.com\/wp-content\/uploads\/2025\/11\/SACO_NITROTEC-26-PLUS-1024x1024.jpg 1024w, https:\/\/citrus-agro.com\/wp-content\/uploads\/2025\/11\/SACO_NITROTEC-26-PLUS-300x300.jpg 300w, https:\/\/citrus-agro.com\/wp-content\/uploads\/2025\/11\/SACO_NITROTEC-26-PLUS-150x150.jpg 150w, https:\/\/citrus-agro.com\/wp-content\/uploads\/2025\/11\/SACO_NITROTEC-26-PLUS-768x768.jpg 768w, https:\/\/citrus-agro.com\/wp-content\/uploads\/2025\/11\/SACO_NITROTEC-26-PLUS-12x12.jpg 12w, https:\/\/citrus-agro.com\/wp-content\/uploads\/2025\/11\/SACO_NITROTEC-26-PLUS.jpg 1080w\" sizes=\"(max-width: 800px) 100vw, 800px\" \/>\t\t\t\t\t\t\t\t\t\t\t\t\t\t\t<\/div>\n\t\t\t\t<\/div>\n\t\t\t\t<div class=\"elementor-element elementor-element-d35007f elementor-widget elementor-widget-heading\" data-id=\"d35007f\" data-element_type=\"widget\" data-widget_type=\"heading.default\">\n\t\t\t\t<div class=\"elementor-widget-container\">\n\t\t\t\t\t<h3 class=\"elementor-heading-title elementor-size-default\">Nitrotec 26 PLUS<\/h3>\t\t\t\t<\/div>\n\t\t\t\t<\/div>\n\t\t\t\t<div class=\"elementor-element elementor-element-93da619 elementor-align-center elementor-widget elementor-widget-button\" data-id=\"93da619\" data-element_type=\"widget\" data-widget_type=\"button.default\">\n\t\t\t\t<div class=\"elementor-widget-container\">\n\t\t\t\t\t\t\t\t\t<div class=\"elementor-button-wrapper\">\n\t\t\t\t\t<a class=\"elementor-button elementor-button-link elementor-size-sm\" href=\"https:\/\/citrus-agro.com\/en\/nitrotec-26-plus\/\">\n\t\t\t\t\t\t<span class=\"elementor-button-content-wrapper\">\n\t\t\t\t\t\t\t\t\t<span class=\"elementor-button-text\">More information<\/span>\n\t\t\t\t\t<\/span>\n\t\t\t\t\t<\/a>\n\t\t\t\t<\/div>\n\t\t\t\t\t\t\t\t<\/div>\n\t\t\t\t<\/div>\n\t\t\t\t\t<\/div>\n\t\t<\/div>\n\t\t\t\t<div class=\"elementor-column elementor-col-50 elementor-inner-column elementor-element elementor-element-ca72571\" data-id=\"ca72571\" data-element_type=\"column\">\n\t\t\t<div class=\"elementor-widget-wrap elementor-element-populated\">\n\t\t\t\t\t\t<div class=\"elementor-element elementor-element-eb81016 elementor-widget elementor-widget-image\" data-id=\"eb81016\" data-element_type=\"widget\" data-widget_type=\"image.default\">\n\t\t\t\t<div class=\"elementor-widget-container\">\n\t\t\t\t\t\t\t\t\t\t\t\t\t\t\t<img loading=\"lazy\" decoding=\"async\" width=\"800\" height=\"800\" src=\"https:\/\/citrus-agro.com\/wp-content\/uploads\/2025\/11\/SACO_NITRATO-DE-ZINC-1024x1024.jpg\" class=\"attachment-large size-large wp-image-5354\" alt=\"\" srcset=\"https:\/\/citrus-agro.com\/wp-content\/uploads\/2025\/11\/SACO_NITRATO-DE-ZINC-1024x1024.jpg 1024w, https:\/\/citrus-agro.com\/wp-content\/uploads\/2025\/11\/SACO_NITRATO-DE-ZINC-300x300.jpg 300w, https:\/\/citrus-agro.com\/wp-content\/uploads\/2025\/11\/SACO_NITRATO-DE-ZINC-150x150.jpg 150w, https:\/\/citrus-agro.com\/wp-content\/uploads\/2025\/11\/SACO_NITRATO-DE-ZINC-768x768.jpg 768w, https:\/\/citrus-agro.com\/wp-content\/uploads\/2025\/11\/SACO_NITRATO-DE-ZINC-12x12.jpg 12w, https:\/\/citrus-agro.com\/wp-content\/uploads\/2025\/11\/SACO_NITRATO-DE-ZINC.jpg 1080w\" sizes=\"(max-width: 800px) 100vw, 800px\" \/>\t\t\t\t\t\t\t\t\t\t\t\t\t\t\t<\/div>\n\t\t\t\t<\/div>\n\t\t\t\t<div class=\"elementor-element elementor-element-3935c03 elementor-widget elementor-widget-heading\" data-id=\"3935c03\" data-element_type=\"widget\" data-widget_type=\"heading.default\">\n\t\t\t\t<div class=\"elementor-widget-container\">\n\t\t\t\t\t<h3 class=\"elementor-heading-title elementor-size-default\">Nitrato de Zinc<\/h3>\t\t\t\t<\/div>\n\t\t\t\t<\/div>\n\t\t\t\t<div class=\"elementor-element elementor-element-2a4ecdf elementor-align-center elementor-widget elementor-widget-button\" data-id=\"2a4ecdf\" data-element_type=\"widget\" data-widget_type=\"button.default\">\n\t\t\t\t<div class=\"elementor-widget-container\">\n\t\t\t\t\t\t\t\t\t<div class=\"elementor-button-wrapper\">\n\t\t\t\t\t<a class=\"elementor-button elementor-button-link elementor-size-sm\" href=\"https:\/\/citrus-agro.com\/en\/nitrato-de-zinc\/\">\n\t\t\t\t\t\t<span class=\"elementor-button-content-wrapper\">\n\t\t\t\t\t\t\t\t\t<span class=\"elementor-button-text\">More information<\/span>\n\t\t\t\t\t<\/span>\n\t\t\t\t\t<\/a>\n\t\t\t\t<\/div>\n\t\t\t\t\t\t\t\t<\/div>\n\t\t\t\t<\/div>\n\t\t\t\t\t<\/div>\n\t\t<\/div>\n\t\t\t\t\t<\/div>\n\t\t<\/section>\n\t\t\t\t\t<\/div>\n\t\t<\/div>\n\t\t\t\t\t<\/div>\n\t\t<\/section>\n\t\t\t\t<section class=\"elementor-section elementor-top-section elementor-element elementor-element-098b19e elementor-hidden-desktop elementor-section-boxed elementor-section-height-default elementor-section-height-default\" data-id=\"098b19e\" data-element_type=\"section\">\n\t\t\t\t\t\t<div class=\"elementor-container elementor-column-gap-default\">\n\t\t\t\t\t<div class=\"elementor-column elementor-col-100 elementor-top-column elementor-element elementor-element-6175b24\" data-id=\"6175b24\" data-element_type=\"column\">\n\t\t\t<div class=\"elementor-widget-wrap elementor-element-populated\">\n\t\t\t\t\t\t<div class=\"elementor-element elementor-element-a54d155 elementor-align-right elementor-mobile-align-center elementor-tablet-align-center elementor-widget elementor-widget-button\" data-id=\"a54d155\" data-element_type=\"widget\" data-widget_type=\"button.default\">\n\t\t\t\t<div class=\"elementor-widget-container\">\n\t\t\t\t\t\t\t\t\t<div class=\"elementor-button-wrapper\">\n\t\t\t\t\t<a class=\"elementor-button elementor-button-link elementor-size-sm\" href=\"https:\/\/citrus-agro.com\/en\/fertilizantes-soluble\/\">\n\t\t\t\t\t\t<span class=\"elementor-button-content-wrapper\">\n\t\t\t\t\t\t\t\t\t<span class=\"elementor-button-text\">Back<\/span>\n\t\t\t\t\t<\/span>\n\t\t\t\t\t<\/a>\n\t\t\t\t<\/div>\n\t\t\t\t\t\t\t\t<\/div>\n\t\t\t\t<\/div>\n\t\t\t\t\t<\/div>\n\t\t<\/div>\n\t\t\t\t\t<\/div>\n\t\t<\/section>\n\t\t\t\t<\/div>","protected":false},"excerpt":{"rendered":"<p>NITRATOS Volver NITRATO DE CALCIO M\u00e1s informaci\u00f3n NITRATO DE MAGNESIO M\u00e1s informaci\u00f3n Nitrotec 26 PLUS M\u00e1s informaci\u00f3n Nitrato de Zinc M\u00e1s informaci\u00f3n Volver<\/p>","protected":false},"author":1,"featured_media":0,"parent":0,"menu_order":0,"comment_status":"closed","ping_status":"closed","template":"elementor_header_footer","meta":{"footnotes":""},"class_list":["post-2593","page","type-page","status-publish","hentry"],"_links":{"self":[{"href":"https:\/\/citrus-agro.com\/en\/wp-json\/wp\/v2\/pages\/2593","targetHints":{"allow":["GET"]}}],"collection":[{"href":"https:\/\/citrus-agro.com\/en\/wp-json\/wp\/v2\/pages"}],"about":[{"href":"https:\/\/citrus-agro.com\/en\/wp-json\/wp\/v2\/types\/page"}],"author":[{"embeddable":true,"href":"https:\/\/citrus-agro.com\/en\/wp-json\/wp\/v2\/users\/1"}],"replies":[{"embeddable":true,"href":"https:\/\/citrus-agro.com\/en\/wp-json\/wp\/v2\/comments?post=2593"}],"version-history":[{"count":9,"href":"https:\/\/citrus-agro.com\/en\/wp-json\/wp\/v2\/pages\/2593\/revisions"}],"predecessor-version":[{"id":5384,"href":"https:\/\/citrus-agro.com\/en\/wp-json\/wp\/v2\/pages\/2593\/revisions\/5384"}],"wp:attachment":[{"href":"https:\/\/citrus-agro.com\/en\/wp-json\/wp\/v2\/media?parent=2593"}],"curies":[{"name":"wp","href":"https:\/\/api.w.org\/{rel}","templated":true}]}}