{"id":2618,"date":"2024-03-12T19:35:06","date_gmt":"2024-03-12T19:35:06","guid":{"rendered":"https:\/\/citrus-agro.com\/?page_id=2618"},"modified":"2025-11-18T20:02:48","modified_gmt":"2025-11-18T20:02:48","slug":"tipo-sulfatos","status":"publish","type":"page","link":"https:\/\/citrus-agro.com\/en\/tipo-sulfatos\/","title":{"rendered":"TIPO SULFATOS"},"content":{"rendered":"<div data-elementor-type=\"wp-page\" data-elementor-id=\"2618\" class=\"elementor elementor-2618\" data-elementor-post-type=\"page\">\n\t\t\t\t\t\t<section class=\"elementor-section elementor-top-section elementor-element elementor-element-82d16a5 elementor-section-boxed elementor-section-height-default elementor-section-height-default\" data-id=\"82d16a5\" data-element_type=\"section\">\n\t\t\t\t\t\t<div class=\"elementor-container elementor-column-gap-default\">\n\t\t\t\t\t<div class=\"elementor-column elementor-col-50 elementor-top-column elementor-element elementor-element-39a0cb7\" data-id=\"39a0cb7\" data-element_type=\"column\">\n\t\t\t<div class=\"elementor-widget-wrap elementor-element-populated\">\n\t\t\t\t\t\t<div class=\"elementor-element elementor-element-84962f4 elementor-widget elementor-widget-heading\" data-id=\"84962f4\" data-element_type=\"widget\" data-widget_type=\"heading.default\">\n\t\t\t\t<div class=\"elementor-widget-container\">\n\t\t\t\t\t<h1 class=\"elementor-heading-title elementor-size-default\">SULFATES<\/h1>\t\t\t\t<\/div>\n\t\t\t\t<\/div>\n\t\t\t\t\t<\/div>\n\t\t<\/div>\n\t\t\t\t<div class=\"elementor-column elementor-col-50 elementor-top-column elementor-element elementor-element-c4fc8c2 elementor-hidden-tablet elementor-hidden-mobile\" data-id=\"c4fc8c2\" data-element_type=\"column\">\n\t\t\t<div class=\"elementor-widget-wrap elementor-element-populated\">\n\t\t\t\t\t\t<div class=\"elementor-element elementor-element-ed80d18 elementor-align-right elementor-hidden-mobile elementor-widget elementor-widget-button\" data-id=\"ed80d18\" data-element_type=\"widget\" data-widget_type=\"button.default\">\n\t\t\t\t<div class=\"elementor-widget-container\">\n\t\t\t\t\t\t\t\t\t<div class=\"elementor-button-wrapper\">\n\t\t\t\t\t<a class=\"elementor-button elementor-button-link elementor-size-sm\" href=\"https:\/\/citrus-agro.com\/en\/fertilizantes-soluble\/\">\n\t\t\t\t\t\t<span class=\"elementor-button-content-wrapper\">\n\t\t\t\t\t\t\t\t\t<span class=\"elementor-button-text\">Back<\/span>\n\t\t\t\t\t<\/span>\n\t\t\t\t\t<\/a>\n\t\t\t\t<\/div>\n\t\t\t\t\t\t\t\t<\/div>\n\t\t\t\t<\/div>\n\t\t\t\t\t<\/div>\n\t\t<\/div>\n\t\t\t\t\t<\/div>\n\t\t<\/section>\n\t\t\t\t<section class=\"elementor-section elementor-top-section elementor-element elementor-element-f147cf4 elementor-section-boxed elementor-section-height-default elementor-section-height-default\" data-id=\"f147cf4\" data-element_type=\"section\">\n\t\t\t\t\t\t<div class=\"elementor-container elementor-column-gap-default\">\n\t\t\t\t\t<div class=\"elementor-column elementor-col-100 elementor-top-column elementor-element elementor-element-82bb1e3\" data-id=\"82bb1e3\" data-element_type=\"column\" data-settings=\"{&quot;background_background&quot;:&quot;classic&quot;}\">\n\t\t\t<div class=\"elementor-widget-wrap elementor-element-populated\">\n\t\t\t\t\t\t<section class=\"elementor-section elementor-inner-section elementor-element elementor-element-e6102f3 elementor-section-boxed elementor-section-height-default elementor-section-height-default\" data-id=\"e6102f3\" data-element_type=\"section\">\n\t\t\t\t\t\t<div class=\"elementor-container elementor-column-gap-default\">\n\t\t\t\t\t<div class=\"elementor-column elementor-col-50 elementor-inner-column elementor-element elementor-element-acf968b\" data-id=\"acf968b\" data-element_type=\"column\">\n\t\t\t<div class=\"elementor-widget-wrap elementor-element-populated\">\n\t\t\t\t\t\t<div class=\"elementor-element elementor-element-6917504 elementor-widget elementor-widget-image\" data-id=\"6917504\" data-element_type=\"widget\" data-widget_type=\"image.default\">\n\t\t\t\t<div class=\"elementor-widget-container\">\n\t\t\t\t\t\t\t\t\t\t\t\t\t\t\t<img fetchpriority=\"high\" decoding=\"async\" width=\"800\" height=\"800\" src=\"https:\/\/citrus-agro.com\/wp-content\/uploads\/2024\/04\/Sulfato-de-Magnesio-1-1024x1024.png\" class=\"attachment-large size-large wp-image-4988\" alt=\"\" srcset=\"https:\/\/citrus-agro.com\/wp-content\/uploads\/2024\/04\/Sulfato-de-Magnesio-1-1024x1024.png 1024w, https:\/\/citrus-agro.com\/wp-content\/uploads\/2024\/04\/Sulfato-de-Magnesio-1-300x300.png 300w, https:\/\/citrus-agro.com\/wp-content\/uploads\/2024\/04\/Sulfato-de-Magnesio-1-150x150.png 150w, https:\/\/citrus-agro.com\/wp-content\/uploads\/2024\/04\/Sulfato-de-Magnesio-1-768x768.png 768w, https:\/\/citrus-agro.com\/wp-content\/uploads\/2024\/04\/Sulfato-de-Magnesio-1-12x12.png 12w, https:\/\/citrus-agro.com\/wp-content\/uploads\/2024\/04\/Sulfato-de-Magnesio-1.png 1080w\" sizes=\"(max-width: 800px) 100vw, 800px\" \/>\t\t\t\t\t\t\t\t\t\t\t\t\t\t\t<\/div>\n\t\t\t\t<\/div>\n\t\t\t\t<div class=\"elementor-element elementor-element-df94083 elementor-widget elementor-widget-heading\" data-id=\"df94083\" data-element_type=\"widget\" data-widget_type=\"heading.default\">\n\t\t\t\t<div class=\"elementor-widget-container\">\n\t\t\t\t\t<h3 class=\"elementor-heading-title elementor-size-default\">MAGNESIUM SULFATE<\/h3>\t\t\t\t<\/div>\n\t\t\t\t<\/div>\n\t\t\t\t<div class=\"elementor-element elementor-element-4247a3e elementor-align-center elementor-widget elementor-widget-button\" data-id=\"4247a3e\" data-element_type=\"widget\" data-widget_type=\"button.default\">\n\t\t\t\t<div class=\"elementor-widget-container\">\n\t\t\t\t\t\t\t\t\t<div class=\"elementor-button-wrapper\">\n\t\t\t\t\t<a class=\"elementor-button elementor-button-link elementor-size-sm\" href=\"https:\/\/citrus-agro.com\/en\/sulfato-de-magnesio\/\">\n\t\t\t\t\t\t<span class=\"elementor-button-content-wrapper\">\n\t\t\t\t\t\t\t\t\t<span class=\"elementor-button-text\">More information<\/span>\n\t\t\t\t\t<\/span>\n\t\t\t\t\t<\/a>\n\t\t\t\t<\/div>\n\t\t\t\t\t\t\t\t<\/div>\n\t\t\t\t<\/div>\n\t\t\t\t\t<\/div>\n\t\t<\/div>\n\t\t\t\t<div class=\"elementor-column elementor-col-50 elementor-inner-column elementor-element elementor-element-d07aea9\" data-id=\"d07aea9\" data-element_type=\"column\">\n\t\t\t<div class=\"elementor-widget-wrap elementor-element-populated\">\n\t\t\t\t\t\t<div class=\"elementor-element elementor-element-b6c7244 elementor-widget elementor-widget-image\" data-id=\"b6c7244\" data-element_type=\"widget\" data-widget_type=\"image.default\">\n\t\t\t\t<div class=\"elementor-widget-container\">\n\t\t\t\t\t\t\t\t\t\t\t\t\t\t\t<img decoding=\"async\" width=\"800\" height=\"800\" src=\"https:\/\/citrus-agro.com\/wp-content\/uploads\/2024\/04\/Growtec-Sulfato-de-ZincSulfato-de-z-2-1024x1024.png\" class=\"attachment-large size-large wp-image-4588\" alt=\"\" srcset=\"https:\/\/citrus-agro.com\/wp-content\/uploads\/2024\/04\/Growtec-Sulfato-de-ZincSulfato-de-z-2-1024x1024.png 1024w, https:\/\/citrus-agro.com\/wp-content\/uploads\/2024\/04\/Growtec-Sulfato-de-ZincSulfato-de-z-2-300x300.png 300w, https:\/\/citrus-agro.com\/wp-content\/uploads\/2024\/04\/Growtec-Sulfato-de-ZincSulfato-de-z-2-150x150.png 150w, https:\/\/citrus-agro.com\/wp-content\/uploads\/2024\/04\/Growtec-Sulfato-de-ZincSulfato-de-z-2-768x768.png 768w, https:\/\/citrus-agro.com\/wp-content\/uploads\/2024\/04\/Growtec-Sulfato-de-ZincSulfato-de-z-2-12x12.png 12w, https:\/\/citrus-agro.com\/wp-content\/uploads\/2024\/04\/Growtec-Sulfato-de-ZincSulfato-de-z-2.png 1080w\" sizes=\"(max-width: 800px) 100vw, 800px\" \/>\t\t\t\t\t\t\t\t\t\t\t\t\t\t\t<\/div>\n\t\t\t\t<\/div>\n\t\t\t\t<div class=\"elementor-element elementor-element-18815af elementor-widget elementor-widget-heading\" data-id=\"18815af\" data-element_type=\"widget\" data-widget_type=\"heading.default\">\n\t\t\t\t<div class=\"elementor-widget-container\">\n\t\t\t\t\t<h3 class=\"elementor-heading-title elementor-size-default\">SULFATO DE ZINC<\/h3>\t\t\t\t<\/div>\n\t\t\t\t<\/div>\n\t\t\t\t<div class=\"elementor-element elementor-element-78fea5a elementor-align-center elementor-widget elementor-widget-button\" data-id=\"78fea5a\" data-element_type=\"widget\" data-widget_type=\"button.default\">\n\t\t\t\t<div class=\"elementor-widget-container\">\n\t\t\t\t\t\t\t\t\t<div class=\"elementor-button-wrapper\">\n\t\t\t\t\t<a class=\"elementor-button elementor-button-link elementor-size-sm\" href=\"https:\/\/citrus-agro.com\/en\/sulfato-de-zinc\/\">\n\t\t\t\t\t\t<span class=\"elementor-button-content-wrapper\">\n\t\t\t\t\t\t\t\t\t<span class=\"elementor-button-text\">More information<\/span>\n\t\t\t\t\t<\/span>\n\t\t\t\t\t<\/a>\n\t\t\t\t<\/div>\n\t\t\t\t\t\t\t\t<\/div>\n\t\t\t\t<\/div>\n\t\t\t\t\t<\/div>\n\t\t<\/div>\n\t\t\t\t\t<\/div>\n\t\t<\/section>\n\t\t\t\t<section class=\"elementor-section elementor-inner-section elementor-element elementor-element-87565c3 elementor-section-boxed elementor-section-height-default elementor-section-height-default\" data-id=\"87565c3\" data-element_type=\"section\">\n\t\t\t\t\t\t<div class=\"elementor-container elementor-column-gap-default\">\n\t\t\t\t\t<div class=\"elementor-column elementor-col-50 elementor-inner-column elementor-element elementor-element-0e7a68e\" data-id=\"0e7a68e\" data-element_type=\"column\">\n\t\t\t<div class=\"elementor-widget-wrap elementor-element-populated\">\n\t\t\t\t\t\t<div class=\"elementor-element elementor-element-1e0a8b2 elementor-widget elementor-widget-image\" data-id=\"1e0a8b2\" data-element_type=\"widget\" data-widget_type=\"image.default\">\n\t\t\t\t<div class=\"elementor-widget-container\">\n\t\t\t\t\t\t\t\t\t\t\t\t\t\t\t<img decoding=\"async\" width=\"800\" height=\"800\" src=\"https:\/\/citrus-agro.com\/wp-content\/uploads\/2024\/04\/Growtec-Sulfato-de-amonio-2-1024x1024.png\" class=\"attachment-large size-large wp-image-4586\" alt=\"\" srcset=\"https:\/\/citrus-agro.com\/wp-content\/uploads\/2024\/04\/Growtec-Sulfato-de-amonio-2-1024x1024.png 1024w, https:\/\/citrus-agro.com\/wp-content\/uploads\/2024\/04\/Growtec-Sulfato-de-amonio-2-300x300.png 300w, https:\/\/citrus-agro.com\/wp-content\/uploads\/2024\/04\/Growtec-Sulfato-de-amonio-2-150x150.png 150w, https:\/\/citrus-agro.com\/wp-content\/uploads\/2024\/04\/Growtec-Sulfato-de-amonio-2-768x768.png 768w, https:\/\/citrus-agro.com\/wp-content\/uploads\/2024\/04\/Growtec-Sulfato-de-amonio-2-12x12.png 12w, https:\/\/citrus-agro.com\/wp-content\/uploads\/2024\/04\/Growtec-Sulfato-de-amonio-2.png 1080w\" sizes=\"(max-width: 800px) 100vw, 800px\" \/>\t\t\t\t\t\t\t\t\t\t\t\t\t\t\t<\/div>\n\t\t\t\t<\/div>\n\t\t\t\t<div class=\"elementor-element elementor-element-be813b5 elementor-widget elementor-widget-heading\" data-id=\"be813b5\" data-element_type=\"widget\" data-widget_type=\"heading.default\">\n\t\t\t\t<div class=\"elementor-widget-container\">\n\t\t\t\t\t<h3 class=\"elementor-heading-title elementor-size-default\">AMMONIUM SULFATE<\/h3>\t\t\t\t<\/div>\n\t\t\t\t<\/div>\n\t\t\t\t<div class=\"elementor-element elementor-element-c1acaac elementor-align-center elementor-widget elementor-widget-button\" data-id=\"c1acaac\" data-element_type=\"widget\" data-widget_type=\"button.default\">\n\t\t\t\t<div class=\"elementor-widget-container\">\n\t\t\t\t\t\t\t\t\t<div class=\"elementor-button-wrapper\">\n\t\t\t\t\t<a class=\"elementor-button elementor-button-link elementor-size-sm\" href=\"https:\/\/citrus-agro.com\/en\/sulfato-de-amonio-21-0-0\/\">\n\t\t\t\t\t\t<span class=\"elementor-button-content-wrapper\">\n\t\t\t\t\t\t\t\t\t<span class=\"elementor-button-text\">More information<\/span>\n\t\t\t\t\t<\/span>\n\t\t\t\t\t<\/a>\n\t\t\t\t<\/div>\n\t\t\t\t\t\t\t\t<\/div>\n\t\t\t\t<\/div>\n\t\t\t\t\t<\/div>\n\t\t<\/div>\n\t\t\t\t<div class=\"elementor-column elementor-col-50 elementor-inner-column elementor-element elementor-element-95d9a0d\" data-id=\"95d9a0d\" data-element_type=\"column\">\n\t\t\t<div class=\"elementor-widget-wrap elementor-element-populated\">\n\t\t\t\t\t\t<div class=\"elementor-element elementor-element-01b59bb elementor-widget elementor-widget-image\" data-id=\"01b59bb\" data-element_type=\"widget\" data-widget_type=\"image.default\">\n\t\t\t\t<div class=\"elementor-widget-container\">\n\t\t\t\t\t\t\t\t\t\t\t\t\t\t\t<img loading=\"lazy\" decoding=\"async\" width=\"800\" height=\"800\" src=\"https:\/\/citrus-agro.com\/wp-content\/uploads\/2025\/11\/SACO_SULFATO-DE-CALCIO-1024x1024.png\" class=\"attachment-large size-large wp-image-5386\" alt=\"\" srcset=\"https:\/\/citrus-agro.com\/wp-content\/uploads\/2025\/11\/SACO_SULFATO-DE-CALCIO-1024x1024.png 1024w, https:\/\/citrus-agro.com\/wp-content\/uploads\/2025\/11\/SACO_SULFATO-DE-CALCIO-300x300.png 300w, https:\/\/citrus-agro.com\/wp-content\/uploads\/2025\/11\/SACO_SULFATO-DE-CALCIO-150x150.png 150w, https:\/\/citrus-agro.com\/wp-content\/uploads\/2025\/11\/SACO_SULFATO-DE-CALCIO-768x768.png 768w, https:\/\/citrus-agro.com\/wp-content\/uploads\/2025\/11\/SACO_SULFATO-DE-CALCIO-12x12.png 12w, https:\/\/citrus-agro.com\/wp-content\/uploads\/2025\/11\/SACO_SULFATO-DE-CALCIO.png 1080w\" sizes=\"(max-width: 800px) 100vw, 800px\" \/>\t\t\t\t\t\t\t\t\t\t\t\t\t\t\t<\/div>\n\t\t\t\t<\/div>\n\t\t\t\t<div class=\"elementor-element elementor-element-8deef03 elementor-widget elementor-widget-heading\" data-id=\"8deef03\" data-element_type=\"widget\" data-widget_type=\"heading.default\">\n\t\t\t\t<div class=\"elementor-widget-container\">\n\t\t\t\t\t<h3 class=\"elementor-heading-title elementor-size-default\">SULFATO DE CALCIO<\/h3>\t\t\t\t<\/div>\n\t\t\t\t<\/div>\n\t\t\t\t<div class=\"elementor-element elementor-element-3472f77 elementor-align-center elementor-widget elementor-widget-button\" data-id=\"3472f77\" data-element_type=\"widget\" data-widget_type=\"button.default\">\n\t\t\t\t<div class=\"elementor-widget-container\">\n\t\t\t\t\t\t\t\t\t<div class=\"elementor-button-wrapper\">\n\t\t\t\t\t<a class=\"elementor-button elementor-button-link elementor-size-sm\" href=\"https:\/\/citrus-agro.com\/en\/sulfato-de-calcio\/\">\n\t\t\t\t\t\t<span class=\"elementor-button-content-wrapper\">\n\t\t\t\t\t\t\t\t\t<span class=\"elementor-button-text\">More information<\/span>\n\t\t\t\t\t<\/span>\n\t\t\t\t\t<\/a>\n\t\t\t\t<\/div>\n\t\t\t\t\t\t\t\t<\/div>\n\t\t\t\t<\/div>\n\t\t\t\t\t<\/div>\n\t\t<\/div>\n\t\t\t\t\t<\/div>\n\t\t<\/section>\n\t\t\t\t\t<\/div>\n\t\t<\/div>\n\t\t\t\t\t<\/div>\n\t\t<\/section>\n\t\t\t\t<section class=\"elementor-section elementor-top-section elementor-element elementor-element-8449eb5 elementor-hidden-desktop elementor-section-boxed elementor-section-height-default elementor-section-height-default\" data-id=\"8449eb5\" data-element_type=\"section\">\n\t\t\t\t\t\t<div class=\"elementor-container elementor-column-gap-default\">\n\t\t\t\t\t<div class=\"elementor-column elementor-col-100 elementor-top-column elementor-element elementor-element-acf6a59\" data-id=\"acf6a59\" data-element_type=\"column\">\n\t\t\t<div class=\"elementor-widget-wrap elementor-element-populated\">\n\t\t\t\t\t\t<div class=\"elementor-element elementor-element-8f33a28 elementor-align-right elementor-mobile-align-center elementor-tablet-align-center elementor-widget elementor-widget-button\" data-id=\"8f33a28\" data-element_type=\"widget\" data-widget_type=\"button.default\">\n\t\t\t\t<div class=\"elementor-widget-container\">\n\t\t\t\t\t\t\t\t\t<div class=\"elementor-button-wrapper\">\n\t\t\t\t\t<a class=\"elementor-button elementor-button-link elementor-size-sm\" href=\"https:\/\/citrus-agro.com\/en\/fertilizantes-soluble\/\">\n\t\t\t\t\t\t<span class=\"elementor-button-content-wrapper\">\n\t\t\t\t\t\t\t\t\t<span class=\"elementor-button-text\">Back<\/span>\n\t\t\t\t\t<\/span>\n\t\t\t\t\t<\/a>\n\t\t\t\t<\/div>\n\t\t\t\t\t\t\t\t<\/div>\n\t\t\t\t<\/div>\n\t\t\t\t\t<\/div>\n\t\t<\/div>\n\t\t\t\t\t<\/div>\n\t\t<\/section>\n\t\t\t\t<\/div>","protected":false},"excerpt":{"rendered":"<p>SULFATOS Volver SULFATO DE MAGNESIO M\u00e1s informaci\u00f3n SULFATO DE ZINC M\u00e1s informaci\u00f3n SULFATO DE AMONIO M\u00e1s informaci\u00f3n SULFATO DE CALCIO M\u00e1s informaci\u00f3n Volver<\/p>","protected":false},"author":1,"featured_media":0,"parent":0,"menu_order":0,"comment_status":"closed","ping_status":"closed","template":"elementor_header_footer","meta":{"footnotes":""},"class_list":["post-2618","page","type-page","status-publish","hentry"],"_links":{"self":[{"href":"https:\/\/citrus-agro.com\/en\/wp-json\/wp\/v2\/pages\/2618","targetHints":{"allow":["GET"]}}],"collection":[{"href":"https:\/\/citrus-agro.com\/en\/wp-json\/wp\/v2\/pages"}],"about":[{"href":"https:\/\/citrus-agro.com\/en\/wp-json\/wp\/v2\/types\/page"}],"author":[{"embeddable":true,"href":"https:\/\/citrus-agro.com\/en\/wp-json\/wp\/v2\/users\/1"}],"replies":[{"embeddable":true,"href":"https:\/\/citrus-agro.com\/en\/wp-json\/wp\/v2\/comments?post=2618"}],"version-history":[{"count":6,"href":"https:\/\/citrus-agro.com\/en\/wp-json\/wp\/v2\/pages\/2618\/revisions"}],"predecessor-version":[{"id":5394,"href":"https:\/\/citrus-agro.com\/en\/wp-json\/wp\/v2\/pages\/2618\/revisions\/5394"}],"wp:attachment":[{"href":"https:\/\/citrus-agro.com\/en\/wp-json\/wp\/v2\/media?parent=2618"}],"curies":[{"name":"wp","href":"https:\/\/api.w.org\/{rel}","templated":true}]}}