{"id":4271,"date":"2024-04-09T21:35:56","date_gmt":"2024-04-09T21:35:56","guid":{"rendered":"https:\/\/citrus-agro.com\/?page_id=4271"},"modified":"2025-04-07T18:47:44","modified_gmt":"2025-04-07T18:47:44","slug":"equipo","status":"publish","type":"page","link":"https:\/\/citrus-agro.com\/en\/equipo\/","title":{"rendered":"Equipo"},"content":{"rendered":"<div data-elementor-type=\"wp-page\" data-elementor-id=\"4271\" class=\"elementor elementor-4271\" data-elementor-post-type=\"page\">\n\t\t\t\t\t\t<section class=\"elementor-section elementor-top-section elementor-element elementor-element-cfbc8b2 elementor-section-boxed elementor-section-height-default elementor-section-height-default\" data-id=\"cfbc8b2\" data-element_type=\"section\">\n\t\t\t\t\t\t<div class=\"elementor-container elementor-column-gap-default\">\n\t\t\t\t\t<div class=\"elementor-column elementor-col-100 elementor-top-column elementor-element elementor-element-b73d69d\" data-id=\"b73d69d\" data-element_type=\"column\">\n\t\t\t<div class=\"elementor-widget-wrap elementor-element-populated\">\n\t\t\t\t\t\t<div class=\"elementor-element elementor-element-ba610d9 elementor-widget elementor-widget-heading\" data-id=\"ba610d9\" data-element_type=\"widget\" data-widget_type=\"heading.default\">\n\t\t\t\t<div class=\"elementor-widget-container\">\n\t\t\t\t\t<h1 class=\"elementor-heading-title elementor-size-default\">Equipo<\/h1>\t\t\t\t<\/div>\n\t\t\t\t<\/div>\n\t\t\t\t\t<\/div>\n\t\t<\/div>\n\t\t\t\t\t<\/div>\n\t\t<\/section>\n\t\t\t\t<section class=\"elementor-section elementor-top-section elementor-element elementor-element-9892bd1 elementor-section-boxed elementor-section-height-default elementor-section-height-default\" data-id=\"9892bd1\" data-element_type=\"section\" data-settings=\"{&quot;background_background&quot;:&quot;classic&quot;}\">\n\t\t\t\t\t\t\t<div class=\"elementor-background-overlay\"><\/div>\n\t\t\t\t\t\t\t<div class=\"elementor-container elementor-column-gap-default\">\n\t\t\t\t\t<div class=\"elementor-column elementor-col-100 elementor-top-column elementor-element elementor-element-04bbaf5\" data-id=\"04bbaf5\" data-element_type=\"column\" data-settings=\"{&quot;background_background&quot;:&quot;classic&quot;}\">\n\t\t\t<div class=\"elementor-widget-wrap elementor-element-populated\">\n\t\t\t\t\t\t<div class=\"elementor-element elementor-element-d9676ff elementor-widget elementor-widget-eael-adv-accordion\" data-id=\"d9676ff\" data-element_type=\"widget\" data-widget_type=\"eael-adv-accordion.default\">\n\t\t\t\t<div class=\"elementor-widget-container\">\n\t\t\t\t\t            <div class=\"eael-adv-accordion\" id=\"eael-adv-accordion-d9676ff\" data-scroll-on-click=\"no\" data-scroll-speed=\"300\" data-accordion-id=\"d9676ff\" data-accordion-type=\"accordion\" data-toogle-speed=\"300\">\n            <div class=\"eael-accordion-list\">\n\t\t\t\t\t<div id=\"gerente-general\" class=\"elementor-tab-title eael-accordion-header\" tabindex=\"0\" data-tab=\"1\" aria-controls=\"elementor-tab-content-2271\"><span class=\"eael-advanced-accordion-icon-closed\"><\/span><span class=\"eael-advanced-accordion-icon-opened\"><\/span><span class=\"eael-accordion-tab-title\">Gerente General<\/span><i aria-hidden=\"true\" class=\"fa-toggle fas fa-angle-right\"><\/i><\/div><div id=\"elementor-tab-content-2271\" class=\"eael-accordion-content clearfix\" data-tab=\"1\" aria-labelledby=\"gerente-general\"><p>\u00c1ngel Marinetti <br \/>Celular +56 9 6670 2251 <br \/>marinetti@sitt.com<\/p><\/div>\n\t\t\t\t\t<\/div><div class=\"eael-accordion-list\">\n\t\t\t\t\t<div id=\"gerente-comercial\" class=\"elementor-tab-title eael-accordion-header\" tabindex=\"0\" data-tab=\"2\" aria-controls=\"elementor-tab-content-2272\"><span class=\"eael-advanced-accordion-icon-closed\"><\/span><span class=\"eael-advanced-accordion-icon-opened\"><\/span><span class=\"eael-accordion-tab-title\">Gerente Comercial<\/span><i aria-hidden=\"true\" class=\"fa-toggle fas fa-angle-right\"><\/i><\/div><div id=\"elementor-tab-content-2272\" class=\"eael-accordion-content clearfix\" data-tab=\"2\" aria-labelledby=\"gerente-comercial\"><p>F\u00e9lix Portol\u00e9s<br \/>Celular +56 9 5445 5109 <br \/>fportoles@citrus-agro.com<\/p><\/div>\n\t\t\t\t\t<\/div><div class=\"eael-accordion-list\">\n\t\t\t\t\t<div id=\"jefe-zonal-maule\" class=\"elementor-tab-title eael-accordion-header\" tabindex=\"0\" data-tab=\"3\" aria-controls=\"elementor-tab-content-2273\"><span class=\"eael-advanced-accordion-icon-closed\"><\/span><span class=\"eael-advanced-accordion-icon-opened\"><\/span><span class=\"eael-accordion-tab-title\">Jefe Zonal Maule<\/span><i aria-hidden=\"true\" class=\"fa-toggle fas fa-angle-right\"><\/i><\/div><div id=\"elementor-tab-content-2273\" class=\"eael-accordion-content clearfix\" data-tab=\"3\" aria-labelledby=\"jefe-zonal-maule\"><p>Hern\u00e1n P\u00e9rez <br \/>Celular +56 9 4793 5999 <br \/>hernan.perez@citrus-agro.com<\/p><\/div>\n\t\t\t\t\t<\/div><div class=\"eael-accordion-list\">\n\t\t\t\t\t<div id=\"product-manager-especialidades-growtec\" class=\"elementor-tab-title eael-accordion-header\" tabindex=\"0\" data-tab=\"4\" aria-controls=\"elementor-tab-content-2274\"><span class=\"eael-advanced-accordion-icon-closed\"><\/span><span class=\"eael-advanced-accordion-icon-opened\"><\/span><span class=\"eael-accordion-tab-title\">Product Manager Especialidades Growtec<\/span><i aria-hidden=\"true\" class=\"fa-toggle fas fa-angle-right\"><\/i><\/div><div id=\"elementor-tab-content-2274\" class=\"eael-accordion-content clearfix\" data-tab=\"4\" aria-labelledby=\"product-manager-especialidades-growtec\"><p>Andr\u00e9s Balbolt\u00edn <br \/>Celular +56 9 9842 4574 <br \/>a.balbontin@citrus-agro.com<\/p><\/div>\n\t\t\t\t\t<\/div><\/div>\t\t\t\t<\/div>\n\t\t\t\t<\/div>\n\t\t\t\t<div class=\"elementor-element elementor-element-c6ff058 elementor-hidden-mobile elementor-hidden-desktop elementor-hidden-tablet elementor-widget elementor-widget-image\" data-id=\"c6ff058\" data-element_type=\"widget\" data-widget_type=\"image.default\">\n\t\t\t\t<div class=\"elementor-widget-container\">\n\t\t\t\t\t\t\t\t\t\t\t\t\t\t\t<img fetchpriority=\"high\" decoding=\"async\" width=\"1620\" height=\"1002\" src=\"https:\/\/citrus-agro.com\/wp-content\/uploads\/2024\/07\/Mapa-zonales-citrus1.png\" class=\"attachment-full size-full wp-image-5144\" alt=\"\" srcset=\"https:\/\/citrus-agro.com\/wp-content\/uploads\/2024\/07\/Mapa-zonales-citrus1.png 1620w, https:\/\/citrus-agro.com\/wp-content\/uploads\/2024\/07\/Mapa-zonales-citrus1-300x186.png 300w, https:\/\/citrus-agro.com\/wp-content\/uploads\/2024\/07\/Mapa-zonales-citrus1-1024x633.png 1024w, https:\/\/citrus-agro.com\/wp-content\/uploads\/2024\/07\/Mapa-zonales-citrus1-768x475.png 768w, https:\/\/citrus-agro.com\/wp-content\/uploads\/2024\/07\/Mapa-zonales-citrus1-1536x950.png 1536w, https:\/\/citrus-agro.com\/wp-content\/uploads\/2024\/07\/Mapa-zonales-citrus1-18x12.png 18w\" sizes=\"(max-width: 1620px) 100vw, 1620px\" \/>\t\t\t\t\t\t\t\t\t\t\t\t\t\t\t<\/div>\n\t\t\t\t<\/div>\n\t\t\t\t<div class=\"elementor-element elementor-element-eb35323 elementor-hidden-desktop elementor-hidden-tablet elementor-widget elementor-widget-image\" data-id=\"eb35323\" data-element_type=\"widget\" data-widget_type=\"image.default\">\n\t\t\t\t<div class=\"elementor-widget-container\">\n\t\t\t\t\t\t\t\t\t\t\t\t\t\t\t<img decoding=\"async\" width=\"2085\" height=\"2055\" src=\"https:\/\/citrus-agro.com\/wp-content\/uploads\/2024\/05\/Mapa-mobile-V1.png\" class=\"attachment-full size-full wp-image-5106\" alt=\"\" srcset=\"https:\/\/citrus-agro.com\/wp-content\/uploads\/2024\/05\/Mapa-mobile-V1.png 2085w, https:\/\/citrus-agro.com\/wp-content\/uploads\/2024\/05\/Mapa-mobile-V1-300x296.png 300w, https:\/\/citrus-agro.com\/wp-content\/uploads\/2024\/05\/Mapa-mobile-V1-1024x1009.png 1024w, https:\/\/citrus-agro.com\/wp-content\/uploads\/2024\/05\/Mapa-mobile-V1-768x757.png 768w, https:\/\/citrus-agro.com\/wp-content\/uploads\/2024\/05\/Mapa-mobile-V1-1536x1514.png 1536w, https:\/\/citrus-agro.com\/wp-content\/uploads\/2024\/05\/Mapa-mobile-V1-2048x2019.png 2048w, https:\/\/citrus-agro.com\/wp-content\/uploads\/2024\/05\/Mapa-mobile-V1-12x12.png 12w\" sizes=\"(max-width: 2085px) 100vw, 2085px\" \/>\t\t\t\t\t\t\t\t\t\t\t\t\t\t\t<\/div>\n\t\t\t\t<\/div>\n\t\t\t\t\t<\/div>\n\t\t<\/div>\n\t\t\t\t\t<\/div>\n\t\t<\/section>\n\t\t\t\t<\/div>","protected":false},"excerpt":{"rendered":"<p>Equipo Gerente General \u00c1ngel Marinetti Celular +56 9 6670 2251 marinetti@sitt.com Gerente Comercial F\u00e9lix Portol\u00e9sCelular +56 9 5445 5109 fportoles@citrus-agro.com Jefe Zonal Maule Hern\u00e1n P\u00e9rez Celular +56 9 4793 5999 hernan.perez@citrus-agro.com Product Manager Especialidades Growtec Andr\u00e9s Balbolt\u00edn Celular +56 9 9842 4574 a.balbontin@citrus-agro.com<\/p>","protected":false},"author":4,"featured_media":0,"parent":0,"menu_order":0,"comment_status":"closed","ping_status":"closed","template":"elementor_header_footer","meta":{"footnotes":""},"class_list":["post-4271","page","type-page","status-publish","hentry"],"_links":{"self":[{"href":"https:\/\/citrus-agro.com\/en\/wp-json\/wp\/v2\/pages\/4271","targetHints":{"allow":["GET"]}}],"collection":[{"href":"https:\/\/citrus-agro.com\/en\/wp-json\/wp\/v2\/pages"}],"about":[{"href":"https:\/\/citrus-agro.com\/en\/wp-json\/wp\/v2\/types\/page"}],"author":[{"embeddable":true,"href":"https:\/\/citrus-agro.com\/en\/wp-json\/wp\/v2\/users\/4"}],"replies":[{"embeddable":true,"href":"https:\/\/citrus-agro.com\/en\/wp-json\/wp\/v2\/comments?post=4271"}],"version-history":[{"count":29,"href":"https:\/\/citrus-agro.com\/en\/wp-json\/wp\/v2\/pages\/4271\/revisions"}],"predecessor-version":[{"id":5184,"href":"https:\/\/citrus-agro.com\/en\/wp-json\/wp\/v2\/pages\/4271\/revisions\/5184"}],"wp:attachment":[{"href":"https:\/\/citrus-agro.com\/en\/wp-json\/wp\/v2\/media?parent=4271"}],"curies":[{"name":"wp","href":"https:\/\/api.w.org\/{rel}","templated":true}]}}